{"id":539,"date":"2022-08-07T21:29:59","date_gmt":"2022-08-07T21:29:59","guid":{"rendered":"https:\/\/100fronteira.com.br\/fetramig\/?post_type=product&#038;p=539"},"modified":"2022-11-04T18:38:32","modified_gmt":"2022-11-04T18:38:32","slug":"solucao-3-3","status":"publish","type":"product","link":"https:\/\/100fronteira.com.br\/fetramig\/produto\/solucao-3-3\/","title":{"rendered":"Rastreador GPRS &#8211; Positron"},"content":{"rendered":"<div id=\"rd-row-l4zq9g98\" class=\"bricks--row rd-row\">\n<div id=\"rd-column-l4zq9g9b\" class=\"bricks--column rd-column\">\n<div>\n<div id=\"rd-html-l4zq9g9f\" class=\"bricks--component bricks--component-html rd-html\">\n<div>\n<div>\n<h2>36<\/h2>\n<h3>R$ 174,24<\/h3>\n<\/div>\n<div>\n<h2>48<\/h2>\n<h3>R$ 158,18<\/h3>\n<\/div>\n<\/div>\n<\/div>\n<\/div>\n<\/div>\n<\/div>\n<div id=\"rd-row-l4zq9g9g\" class=\"bricks--row rd-row\">\n<div id=\"rd-column-l4zq9g9h\" class=\"bricks--column rd-column\"><\/div>\n<\/div>\n","protected":false},"excerpt":{"rendered":"<div id=\"rd-text-l4zq9g9d\" class=\"bricks--component bricks--component-text rd-text\">\n<h2>Seu caminh\u00e3o rastreado.<\/h2>\n<h2>Tecnologia Carga.<\/h2>\n<h2>Aceito nas principais seguradoras e Gerenciadoras<\/h2>\n<\/div>\n<div id=\"rd-text-l4zq9g9e\" class=\"bricks--component bricks--component-text rd-text\">\n<ul>\n<li>Comunica\u00e7\u00e3o GSM\/GPRS com 2 SIM cards<\/li>\n<li>Identifica\u00e7\u00e3o de motorista<\/li>\n<li>Jornada de trabalho<\/li>\n<li>Bateria backup;<\/li>\n<li>Cercas eletr\u00f4nicas<\/li>\n<li>Macros edit\u00e1veis (formul\u00e1rios);<\/li>\n<li>Telemetria (com ou sem REDE CAN);<\/li>\n<li>Sensores e atuadores;<\/li>\n<li>Rotograma falado<\/li>\n<\/ul>\n<\/div>\n","protected":false},"featured_media":467,"comment_status":"open","ping_status":"closed","template":"","meta":{"_eb_attr":"","_crdt_document":"","_uag_custom_page_level_css":"","site-sidebar-layout":"default","site-content-layout":"default","ast-global-header-display":"","ast-main-header-display":"","ast-hfb-above-header-display":"","ast-hfb-below-header-display":"","ast-hfb-mobile-header-display":"","site-post-title":"","ast-breadcrumbs-content":"","ast-featured-img":"","footer-sml-layout":"","theme-transparent-header-meta":"","adv-header-id-meta":"","stick-header-meta":"","header-above-stick-meta":"","header-main-stick-meta":"","header-below-stick-meta":""},"product_brand":[],"product_cat":[25],"product_tag":[],"class_list":{"0":"post-539","1":"product","2":"type-product","3":"status-publish","4":"has-post-thumbnail","6":"product_cat-equipamentos","7":"desktop-align-left","8":"tablet-align-left","9":"mobile-align-left","11":"first","12":"instock","13":"shipping-taxable","14":"product-type-simple"},"uagb_featured_image_src":{"full":["https:\/\/100fronteira.com.br\/fetramig\/wp-content\/uploads\/2022\/08\/solucao3.png",403,392,false],"thumbnail":["https:\/\/100fronteira.com.br\/fetramig\/wp-content\/uploads\/2022\/08\/solucao3-150x150.png",150,150,true],"medium":["https:\/\/100fronteira.com.br\/fetramig\/wp-content\/uploads\/2022\/08\/solucao3-300x292.png",300,292,true],"medium_large":["https:\/\/100fronteira.com.br\/fetramig\/wp-content\/uploads\/2022\/08\/solucao3.png",403,392,false],"large":["https:\/\/100fronteira.com.br\/fetramig\/wp-content\/uploads\/2022\/08\/solucao3.png",403,392,false],"1536x1536":["https:\/\/100fronteira.com.br\/fetramig\/wp-content\/uploads\/2022\/08\/solucao3.png",403,392,false],"2048x2048":["https:\/\/100fronteira.com.br\/fetramig\/wp-content\/uploads\/2022\/08\/solucao3.png",403,392,false],"woocommerce_thumbnail":["https:\/\/100fronteira.com.br\/fetramig\/wp-content\/uploads\/2022\/08\/solucao3-300x300.png",300,300,true],"woocommerce_single":["https:\/\/100fronteira.com.br\/fetramig\/wp-content\/uploads\/2022\/08\/solucao3.png",403,392,false],"woocommerce_gallery_thumbnail":["https:\/\/100fronteira.com.br\/fetramig\/wp-content\/uploads\/2022\/08\/solucao3-100x100.png",100,100,true]},"uagb_author_info":{"display_name":"admin","author_link":"https:\/\/100fronteira.com.br\/fetramig\/author\/"},"uagb_comment_info":0,"uagb_excerpt":"Seu caminh\u00e3o rastreado. Tecnologia Carga. Aceito nas principais seguradoras e Gerenciadoras Comunica\u00e7\u00e3o GSM\/GPRS com 2 SIM cards Identifica\u00e7\u00e3o de motorista Jornada de trabalho Bateria backup; Cercas eletr\u00f4nicas Macros edit\u00e1veis (formul\u00e1rios); Telemetria (com ou sem REDE CAN); Sensores e atuadores; Rotograma falado","jetpack_sharing_enabled":true,"_links":{"self":[{"href":"https:\/\/100fronteira.com.br\/fetramig\/wp-json\/wp\/v2\/product\/539","targetHints":{"allow":["GET"]}}],"collection":[{"href":"https:\/\/100fronteira.com.br\/fetramig\/wp-json\/wp\/v2\/product"}],"about":[{"href":"https:\/\/100fronteira.com.br\/fetramig\/wp-json\/wp\/v2\/types\/product"}],"replies":[{"embeddable":true,"href":"https:\/\/100fronteira.com.br\/fetramig\/wp-json\/wp\/v2\/comments?post=539"}],"wp:featuredmedia":[{"embeddable":true,"href":"https:\/\/100fronteira.com.br\/fetramig\/wp-json\/wp\/v2\/media\/467"}],"wp:attachment":[{"href":"https:\/\/100fronteira.com.br\/fetramig\/wp-json\/wp\/v2\/media?parent=539"}],"wp:term":[{"taxonomy":"product_brand","embeddable":true,"href":"https:\/\/100fronteira.com.br\/fetramig\/wp-json\/wp\/v2\/product_brand?post=539"},{"taxonomy":"product_cat","embeddable":true,"href":"https:\/\/100fronteira.com.br\/fetramig\/wp-json\/wp\/v2\/product_cat?post=539"},{"taxonomy":"product_tag","embeddable":true,"href":"https:\/\/100fronteira.com.br\/fetramig\/wp-json\/wp\/v2\/product_tag?post=539"}],"curies":[{"name":"wp","href":"https:\/\/api.w.org\/{rel}","templated":true}]}}