{"id":550,"date":"2022-08-07T21:30:00","date_gmt":"2022-08-07T21:30:00","guid":{"rendered":"https:\/\/100fronteira.com.br\/fetramig\/?post_type=product&#038;p=550"},"modified":"2022-11-03T17:08:56","modified_gmt":"2022-11-03T17:08:56","slug":"emprestimo-pessoal-dinheiro-extra-3","status":"publish","type":"product","link":"https:\/\/100fronteira.com.br\/fetramig\/produto\/emprestimo-pessoal-dinheiro-extra-3\/","title":{"rendered":"Empr\u00e9stimo pessoal. Dinheiro Extra."},"content":{"rendered":"","protected":false},"excerpt":{"rendered":"<h1 class=\"x_gmail-content__title x_gmail-tp1--headline2 x_gmail-tp1-desk--headline2\">O que \u00e9 empr\u00e9stimo pessoal? \u00c9 dinheiro Extra!<\/h1>\n<p>&nbsp;<\/p>\n<div>\n<div class=\"x_gmail-content__text\">\n<p class=\"x_gmail-tp1--body1 x_gmail-tp1-desk--body1\">Fa\u00e7a a contrata\u00e7\u00e3o do empr\u00e9stimo online pelo WhatsApp, o cr\u00e9dito ca\u00ed r\u00e1pido e direto na sua conta. Saiba quem pode fazer o empr\u00e9stimo:<\/p>\n<\/div>\n<div class=\"x_gmail-list__content\">\n<ul>\n<li><span style=\"font-size: small;\">Empr\u00e9stimo pessoal, sem margem consign\u00e1vel<\/span><\/li>\n<li>Aposentados, pensionistas do INSS e servidores p\u00fablicos.<\/li>\n<\/ul>\n<\/div>\n<div class=\"x_gmail-list__content\">\n<h3 class=\"x_gmail-list__title x_gmail-tp1--headline4\"><span style=\"font-size: small;\">Dinheiro r\u00e1pido na conta<\/span><\/h3>\n<p>Em at\u00e9 24 horas ap\u00f3s an\u00e1lise.<\/p>\n<\/div>\n<div class=\"x_gmail-list__content\">\n<h3 class=\"x_gmail-list__title x_gmail-tp1--headline4\"><span style=\"font-size: small;\">A taxa de juros pode variar de acordo com seu perfil<\/span><\/h3>\n<p class=\"x_gmail-list__text x_gmail-tp1--body1 x_gmail-tp1-desk--body1\">Consulte previamente antes de efetivar a contrata\u00e7\u00e3o<\/p>\n<\/div>\n<\/div>\n<div><\/div>\n<p>&nbsp;<\/p>\n","protected":false},"featured_media":504,"comment_status":"open","ping_status":"closed","template":"","meta":{"_eb_attr":"","_crdt_document":"","_uag_custom_page_level_css":"","site-sidebar-layout":"default","site-content-layout":"default","ast-global-header-display":"","ast-main-header-display":"","ast-hfb-above-header-display":"","ast-hfb-below-header-display":"","ast-hfb-mobile-header-display":"","site-post-title":"","ast-breadcrumbs-content":"","ast-featured-img":"","footer-sml-layout":"","theme-transparent-header-meta":"default","adv-header-id-meta":"","stick-header-meta":"","header-above-stick-meta":"","header-main-stick-meta":"","header-below-stick-meta":""},"product_brand":[],"product_cat":[34],"product_tag":[],"class_list":{"0":"post-550","1":"product","2":"type-product","3":"status-publish","4":"has-post-thumbnail","6":"product_cat-credito","7":"desktop-align-left","8":"tablet-align-left","9":"mobile-align-left","11":"first","12":"instock","13":"shipping-taxable","14":"product-type-external"},"uagb_featured_image_src":{"full":["https:\/\/100fronteira.com.br\/fetramig\/wp-content\/uploads\/2022\/08\/EXTRA-BMG.png",800,800,false],"thumbnail":["https:\/\/100fronteira.com.br\/fetramig\/wp-content\/uploads\/2022\/08\/EXTRA-BMG-150x150.png",150,150,true],"medium":["https:\/\/100fronteira.com.br\/fetramig\/wp-content\/uploads\/2022\/08\/EXTRA-BMG-300x300.png",300,300,true],"medium_large":["https:\/\/100fronteira.com.br\/fetramig\/wp-content\/uploads\/2022\/08\/EXTRA-BMG-768x768.png",768,768,true],"large":["https:\/\/100fronteira.com.br\/fetramig\/wp-content\/uploads\/2022\/08\/EXTRA-BMG.png",800,800,false],"1536x1536":["https:\/\/100fronteira.com.br\/fetramig\/wp-content\/uploads\/2022\/08\/EXTRA-BMG.png",800,800,false],"2048x2048":["https:\/\/100fronteira.com.br\/fetramig\/wp-content\/uploads\/2022\/08\/EXTRA-BMG.png",800,800,false],"woocommerce_thumbnail":["https:\/\/100fronteira.com.br\/fetramig\/wp-content\/uploads\/2022\/08\/EXTRA-BMG-300x300.png",300,300,true],"woocommerce_single":["https:\/\/100fronteira.com.br\/fetramig\/wp-content\/uploads\/2022\/08\/EXTRA-BMG.png",800,800,false],"woocommerce_gallery_thumbnail":["https:\/\/100fronteira.com.br\/fetramig\/wp-content\/uploads\/2022\/08\/EXTRA-BMG-100x100.png",100,100,true]},"uagb_author_info":{"display_name":"admin","author_link":"https:\/\/100fronteira.com.br\/fetramig\/author\/"},"uagb_comment_info":0,"uagb_excerpt":"O que \u00e9 empr\u00e9stimo pessoal? \u00c9 dinheiro Extra! &nbsp; Fa\u00e7a a contrata\u00e7\u00e3o do empr\u00e9stimo online pelo WhatsApp, o cr\u00e9dito ca\u00ed r\u00e1pido e direto na sua conta. Saiba quem pode fazer o empr\u00e9stimo: Empr\u00e9stimo pessoal, sem margem consign\u00e1vel Aposentados, pensionistas do INSS e servidores p\u00fablicos. Dinheiro r\u00e1pido na conta Em at\u00e9 24 horas ap\u00f3s an\u00e1lise. A&hellip;","jetpack_sharing_enabled":true,"_links":{"self":[{"href":"https:\/\/100fronteira.com.br\/fetramig\/wp-json\/wp\/v2\/product\/550","targetHints":{"allow":["GET"]}}],"collection":[{"href":"https:\/\/100fronteira.com.br\/fetramig\/wp-json\/wp\/v2\/product"}],"about":[{"href":"https:\/\/100fronteira.com.br\/fetramig\/wp-json\/wp\/v2\/types\/product"}],"replies":[{"embeddable":true,"href":"https:\/\/100fronteira.com.br\/fetramig\/wp-json\/wp\/v2\/comments?post=550"}],"wp:featuredmedia":[{"embeddable":true,"href":"https:\/\/100fronteira.com.br\/fetramig\/wp-json\/wp\/v2\/media\/504"}],"wp:attachment":[{"href":"https:\/\/100fronteira.com.br\/fetramig\/wp-json\/wp\/v2\/media?parent=550"}],"wp:term":[{"taxonomy":"product_brand","embeddable":true,"href":"https:\/\/100fronteira.com.br\/fetramig\/wp-json\/wp\/v2\/product_brand?post=550"},{"taxonomy":"product_cat","embeddable":true,"href":"https:\/\/100fronteira.com.br\/fetramig\/wp-json\/wp\/v2\/product_cat?post=550"},{"taxonomy":"product_tag","embeddable":true,"href":"https:\/\/100fronteira.com.br\/fetramig\/wp-json\/wp\/v2\/product_tag?post=550"}],"curies":[{"name":"wp","href":"https:\/\/api.w.org\/{rel}","templated":true}]}}