{"id":578,"date":"2022-10-31T17:48:06","date_gmt":"2022-10-31T17:48:06","guid":{"rendered":"https:\/\/100fronteira.com.br\/fetramig\/?post_type=product&#038;p=578"},"modified":"2022-10-31T17:52:59","modified_gmt":"2022-10-31T17:52:59","slug":"porto-seguro-cuida","status":"publish","type":"product","link":"https:\/\/100fronteira.com.br\/fetramig\/produto\/porto-seguro-cuida\/","title":{"rendered":"Porto Seguro Cuida"},"content":{"rendered":"<ul>\n<li>At\u00e9 8 consultas por telemedicina gr\u00e1tis para o titular e dependentes.<\/li>\n<li>Consultas em + de 47 especialidades a partir de R$ 50.<\/li>\n<li>Descontos de at\u00e9 70% em farm\u00e1cias parceiras.<\/li>\n<li>Coberturas exclusivas de R$ 10 mil em morte em caso de acidente + R$ 10 mil em caso de invalidez permanente + R$ 5 mil em aux\u00edlio funer\u00e1rio.<\/li>\n<\/ul>\n<p style=\"text-align: center;\">*Pre\u00e7o por colaborador: 1 titular + 4 dependentes<\/p>\n","protected":false},"excerpt":{"rendered":"<p><strong>O que \u00e9 o Porto Cuida?<\/strong><\/p>\n<p>Com o Porto Cuida, seu colaborador conta com sa\u00fade de qualidade para<br \/>\nele e mais 4 pessoas por apenas R$ 24,90<strong> por m\u00eas<\/strong>*. Basta agendar os<br \/>\nservi\u00e7os em um dos nossos parceiros e aproveitar os descontos.<\/p>\n<p style=\"text-align: right;\">*Pre\u00e7o por colaborador: 1 titular + 4 dependentes<\/p>\n","protected":false},"featured_media":585,"comment_status":"open","ping_status":"closed","template":"","meta":{"_eb_attr":"","_crdt_document":"","_uag_custom_page_level_css":"","site-sidebar-layout":"default","site-content-layout":"default","ast-global-header-display":"","ast-main-header-display":"","ast-hfb-above-header-display":"","ast-hfb-below-header-display":"","ast-hfb-mobile-header-display":"","site-post-title":"","ast-breadcrumbs-content":"","ast-featured-img":"","footer-sml-layout":"","theme-transparent-header-meta":"default","adv-header-id-meta":"","stick-header-meta":"","header-above-stick-meta":"","header-main-stick-meta":"","header-below-stick-meta":""},"product_brand":[],"product_cat":[24],"product_tag":[],"class_list":{"0":"post-578","1":"product","2":"type-product","3":"status-publish","4":"has-post-thumbnail","6":"product_cat-saude","7":"desktop-align-left","8":"tablet-align-left","9":"mobile-align-left","11":"first","12":"instock","13":"shipping-taxable","14":"product-type-external"},"uagb_featured_image_src":{"full":["https:\/\/100fronteira.com.br\/fetramig\/wp-content\/uploads\/2022\/10\/porto-cuida.png",800,800,false],"thumbnail":["https:\/\/100fronteira.com.br\/fetramig\/wp-content\/uploads\/2022\/10\/porto-cuida-150x150.png",150,150,true],"medium":["https:\/\/100fronteira.com.br\/fetramig\/wp-content\/uploads\/2022\/10\/porto-cuida-300x300.png",300,300,true],"medium_large":["https:\/\/100fronteira.com.br\/fetramig\/wp-content\/uploads\/2022\/10\/porto-cuida-768x768.png",768,768,true],"large":["https:\/\/100fronteira.com.br\/fetramig\/wp-content\/uploads\/2022\/10\/porto-cuida.png",800,800,false],"1536x1536":["https:\/\/100fronteira.com.br\/fetramig\/wp-content\/uploads\/2022\/10\/porto-cuida.png",800,800,false],"2048x2048":["https:\/\/100fronteira.com.br\/fetramig\/wp-content\/uploads\/2022\/10\/porto-cuida.png",800,800,false],"woocommerce_thumbnail":["https:\/\/100fronteira.com.br\/fetramig\/wp-content\/uploads\/2022\/10\/porto-cuida-300x300.png",300,300,true],"woocommerce_single":["https:\/\/100fronteira.com.br\/fetramig\/wp-content\/uploads\/2022\/10\/porto-cuida.png",800,800,false],"woocommerce_gallery_thumbnail":["https:\/\/100fronteira.com.br\/fetramig\/wp-content\/uploads\/2022\/10\/porto-cuida-100x100.png",100,100,true]},"uagb_author_info":{"display_name":"gustavomleao99","author_link":"https:\/\/100fronteira.com.br\/fetramig\/author\/"},"uagb_comment_info":0,"uagb_excerpt":"O que \u00e9 o Porto Cuida? Com o Porto Cuida, seu colaborador conta com sa\u00fade de qualidade para ele e mais 4 pessoas por apenas R$ 24,90 por m\u00eas*. Basta agendar os servi\u00e7os em um dos nossos parceiros e aproveitar os descontos. *Pre\u00e7o por colaborador: 1 titular + 4 dependentes","jetpack_sharing_enabled":true,"_links":{"self":[{"href":"https:\/\/100fronteira.com.br\/fetramig\/wp-json\/wp\/v2\/product\/578","targetHints":{"allow":["GET"]}}],"collection":[{"href":"https:\/\/100fronteira.com.br\/fetramig\/wp-json\/wp\/v2\/product"}],"about":[{"href":"https:\/\/100fronteira.com.br\/fetramig\/wp-json\/wp\/v2\/types\/product"}],"replies":[{"embeddable":true,"href":"https:\/\/100fronteira.com.br\/fetramig\/wp-json\/wp\/v2\/comments?post=578"}],"wp:featuredmedia":[{"embeddable":true,"href":"https:\/\/100fronteira.com.br\/fetramig\/wp-json\/wp\/v2\/media\/585"}],"wp:attachment":[{"href":"https:\/\/100fronteira.com.br\/fetramig\/wp-json\/wp\/v2\/media?parent=578"}],"wp:term":[{"taxonomy":"product_brand","embeddable":true,"href":"https:\/\/100fronteira.com.br\/fetramig\/wp-json\/wp\/v2\/product_brand?post=578"},{"taxonomy":"product_cat","embeddable":true,"href":"https:\/\/100fronteira.com.br\/fetramig\/wp-json\/wp\/v2\/product_cat?post=578"},{"taxonomy":"product_tag","embeddable":true,"href":"https:\/\/100fronteira.com.br\/fetramig\/wp-json\/wp\/v2\/product_tag?post=578"}],"curies":[{"name":"wp","href":"https:\/\/api.w.org\/{rel}","templated":true}]}}