{"id":579,"date":"2022-10-31T17:52:04","date_gmt":"2022-10-31T17:52:04","guid":{"rendered":"https:\/\/100fronteira.com.br\/fetramig\/?post_type=product&#038;p=579"},"modified":"2022-10-31T17:52:21","modified_gmt":"2022-10-31T17:52:21","slug":"porto-seguro-consorcio","status":"publish","type":"product","link":"https:\/\/100fronteira.com.br\/fetramig\/produto\/porto-seguro-consorcio\/","title":{"rendered":"Porto Seguro Cons\u00f3rcio"},"content":{"rendered":"<p><img loading=\"lazy\" decoding=\"async\" class=\"aligncenter size-full wp-image-589\" src=\"https:\/\/100fronteira.com.br\/fetramig\/wp-content\/uploads\/2022\/10\/tabela-aproximada-1.jpeg\" alt=\"\" width=\"850\" height=\"850\" srcset=\"https:\/\/100fronteira.com.br\/fetramig\/wp-content\/uploads\/2022\/10\/tabela-aproximada-1.jpeg 850w, https:\/\/100fronteira.com.br\/fetramig\/wp-content\/uploads\/2022\/10\/tabela-aproximada-1-300x300.jpeg 300w, https:\/\/100fronteira.com.br\/fetramig\/wp-content\/uploads\/2022\/10\/tabela-aproximada-1-150x150.jpeg 150w, https:\/\/100fronteira.com.br\/fetramig\/wp-content\/uploads\/2022\/10\/tabela-aproximada-1-768x768.jpeg 768w, https:\/\/100fronteira.com.br\/fetramig\/wp-content\/uploads\/2022\/10\/tabela-aproximada-1-800x800.jpeg 800w, https:\/\/100fronteira.com.br\/fetramig\/wp-content\/uploads\/2022\/10\/tabela-aproximada-1-100x100.jpeg 100w\" sizes=\"auto, (max-width: 850px) 100vw, 850px\" \/><\/p>\n","protected":false},"excerpt":{"rendered":"<p>Quem tem cons\u00f3rcio de pesados tem:<\/p>\n<ul>\n<li>Parcelas reduzidas em 20%.<\/li>\n<li>Cr\u00e9dito de R$320.000.<\/li>\n<li>120 Meses para pagar.<\/li>\n<li>Parcelas de R$ 2.598,97.<\/li>\n<li>Sem juros e sem entrada.<\/li>\n<li>Contempla\u00e7\u00e3o por sorteio, lance livre, embutido de 30% ou fixo de 40%.<\/li>\n<\/ul>\n","protected":false},"featured_media":586,"comment_status":"open","ping_status":"closed","template":"","meta":{"_eb_attr":"","_crdt_document":"","_uag_custom_page_level_css":"","site-sidebar-layout":"default","site-content-layout":"default","ast-global-header-display":"","ast-main-header-display":"","ast-hfb-above-header-display":"","ast-hfb-below-header-display":"","ast-hfb-mobile-header-display":"","site-post-title":"","ast-breadcrumbs-content":"","ast-featured-img":"","footer-sml-layout":"","theme-transparent-header-meta":"default","adv-header-id-meta":"","stick-header-meta":"","header-above-stick-meta":"","header-main-stick-meta":"","header-below-stick-meta":""},"product_brand":[],"product_cat":[34],"product_tag":[],"class_list":{"0":"post-579","1":"product","2":"type-product","3":"status-publish","4":"has-post-thumbnail","6":"product_cat-credito","7":"desktop-align-left","8":"tablet-align-left","9":"mobile-align-left","11":"first","12":"instock","13":"shipping-taxable","14":"product-type-external"},"uagb_featured_image_src":{"full":["https:\/\/100fronteira.com.br\/fetramig\/wp-content\/uploads\/2022\/10\/porto-seguro.png",800,800,false],"thumbnail":["https:\/\/100fronteira.com.br\/fetramig\/wp-content\/uploads\/2022\/10\/porto-seguro-150x150.png",150,150,true],"medium":["https:\/\/100fronteira.com.br\/fetramig\/wp-content\/uploads\/2022\/10\/porto-seguro-300x300.png",300,300,true],"medium_large":["https:\/\/100fronteira.com.br\/fetramig\/wp-content\/uploads\/2022\/10\/porto-seguro-768x768.png",768,768,true],"large":["https:\/\/100fronteira.com.br\/fetramig\/wp-content\/uploads\/2022\/10\/porto-seguro.png",800,800,false],"1536x1536":["https:\/\/100fronteira.com.br\/fetramig\/wp-content\/uploads\/2022\/10\/porto-seguro.png",800,800,false],"2048x2048":["https:\/\/100fronteira.com.br\/fetramig\/wp-content\/uploads\/2022\/10\/porto-seguro.png",800,800,false],"woocommerce_thumbnail":["https:\/\/100fronteira.com.br\/fetramig\/wp-content\/uploads\/2022\/10\/porto-seguro-300x300.png",300,300,true],"woocommerce_single":["https:\/\/100fronteira.com.br\/fetramig\/wp-content\/uploads\/2022\/10\/porto-seguro.png",800,800,false],"woocommerce_gallery_thumbnail":["https:\/\/100fronteira.com.br\/fetramig\/wp-content\/uploads\/2022\/10\/porto-seguro-100x100.png",100,100,true]},"uagb_author_info":{"display_name":"gustavomleao99","author_link":"https:\/\/100fronteira.com.br\/fetramig\/author\/"},"uagb_comment_info":0,"uagb_excerpt":"Quem tem cons\u00f3rcio de pesados tem: Parcelas reduzidas em 20%. Cr\u00e9dito de R$320.000. 120 Meses para pagar. Parcelas de R$ 2.598,97. Sem juros e sem entrada. Contempla\u00e7\u00e3o por sorteio, lance livre, embutido de 30% ou fixo de 40%.","jetpack_sharing_enabled":true,"_links":{"self":[{"href":"https:\/\/100fronteira.com.br\/fetramig\/wp-json\/wp\/v2\/product\/579","targetHints":{"allow":["GET"]}}],"collection":[{"href":"https:\/\/100fronteira.com.br\/fetramig\/wp-json\/wp\/v2\/product"}],"about":[{"href":"https:\/\/100fronteira.com.br\/fetramig\/wp-json\/wp\/v2\/types\/product"}],"replies":[{"embeddable":true,"href":"https:\/\/100fronteira.com.br\/fetramig\/wp-json\/wp\/v2\/comments?post=579"}],"wp:featuredmedia":[{"embeddable":true,"href":"https:\/\/100fronteira.com.br\/fetramig\/wp-json\/wp\/v2\/media\/586"}],"wp:attachment":[{"href":"https:\/\/100fronteira.com.br\/fetramig\/wp-json\/wp\/v2\/media?parent=579"}],"wp:term":[{"taxonomy":"product_brand","embeddable":true,"href":"https:\/\/100fronteira.com.br\/fetramig\/wp-json\/wp\/v2\/product_brand?post=579"},{"taxonomy":"product_cat","embeddable":true,"href":"https:\/\/100fronteira.com.br\/fetramig\/wp-json\/wp\/v2\/product_cat?post=579"},{"taxonomy":"product_tag","embeddable":true,"href":"https:\/\/100fronteira.com.br\/fetramig\/wp-json\/wp\/v2\/product_tag?post=579"}],"curies":[{"name":"wp","href":"https:\/\/api.w.org\/{rel}","templated":true}]}}