{"id":580,"date":"2022-10-31T18:02:42","date_gmt":"2022-10-31T18:02:42","guid":{"rendered":"https:\/\/100fronteira.com.br\/fetramig\/?post_type=product&#038;p=580"},"modified":"2022-10-31T20:06:44","modified_gmt":"2022-10-31T20:06:44","slug":"retograma-falado-omnidata","status":"publish","type":"product","link":"https:\/\/100fronteira.com.br\/fetramig\/produto\/retograma-falado-omnidata\/","title":{"rendered":"Rotograma Falado &#8211; Omnidata"},"content":{"rendered":"<p><img loading=\"lazy\" decoding=\"async\" class=\"aligncenter size-full wp-image-591\" src=\"https:\/\/100fronteira.com.br\/fetramig\/wp-content\/uploads\/2022\/10\/Rotograma-Imagem-03-V01-1.png\" alt=\"\" width=\"1920\" height=\"1080\" srcset=\"https:\/\/100fronteira.com.br\/fetramig\/wp-content\/uploads\/2022\/10\/Rotograma-Imagem-03-V01-1.png 1920w, https:\/\/100fronteira.com.br\/fetramig\/wp-content\/uploads\/2022\/10\/Rotograma-Imagem-03-V01-1-300x169.png 300w, https:\/\/100fronteira.com.br\/fetramig\/wp-content\/uploads\/2022\/10\/Rotograma-Imagem-03-V01-1-1024x576.png 1024w, https:\/\/100fronteira.com.br\/fetramig\/wp-content\/uploads\/2022\/10\/Rotograma-Imagem-03-V01-1-768x432.png 768w, https:\/\/100fronteira.com.br\/fetramig\/wp-content\/uploads\/2022\/10\/Rotograma-Imagem-03-V01-1-1536x864.png 1536w, https:\/\/100fronteira.com.br\/fetramig\/wp-content\/uploads\/2022\/10\/Rotograma-Imagem-03-V01-1-800x450.png 800w\" sizes=\"auto, (max-width: 1920px) 100vw, 1920px\" \/><\/p>\n","protected":false},"excerpt":{"rendered":"<p>A cria\u00e7\u00e3o de rotogramas inteligentes deve ser uma tarefa simples e \u00e1gil de ser executada, bastando ao gestor de frota somente ter as informa\u00e7\u00f5es necess\u00e1rias para tra\u00e7ar as rotas. Por isso, desenvolvemos um servi\u00e7o de rotograma falado que oferece flexibilidade e in\u00fameras possibilidades para cria\u00e7\u00e3o, edi\u00e7\u00e3o e gerenciamento de \u00e1reas no mapa.<\/p>\n<p>Facilitamos o gerenciamento de risco possibilitando aos gestores a cria\u00e7\u00e3o e edi\u00e7\u00e3o de \u00e1reas no mapa com pol\u00edgonos, c\u00edrculos e agrupamentos \u00e1reas semelhantes em camadas.<\/p>\n<p>Al\u00e9m disso, para cada entrada ou sa\u00edda destes setores criados no software, nossa ferramenta permite a associa\u00e7\u00e3o de procedimentos como a redu\u00e7\u00e3o de velocidade ou uma troca de faixa, por exemplo. Todas as orienta\u00e7\u00f5es podem ser transmitidas por um aviso sonoro, com aplicativo Text to Speech (TTS), que converte texto em mensagens de voz, ou \u00e1udios em MP3.<\/p>\n<p>Todas as situa\u00e7\u00f5es configuradas no rotograma permitem a gera\u00e7\u00e3o de ocorr\u00eancias, que podem ser analisadas em tempo real ou posteriormente pelos gestores.<\/p>\n<p><a href=\"https:\/\/www.youtube.com\/watch?v=ZN0TsIdQYLo\">Assista aqui um v\u00eddeo sobre nossas solu\u00e7\u00f5es.<\/a><\/p>\n<p>&nbsp;<\/p>\n","protected":false},"featured_media":595,"comment_status":"open","ping_status":"closed","template":"","meta":{"_eb_attr":"","_crdt_document":"","_uag_custom_page_level_css":"","site-sidebar-layout":"default","site-content-layout":"default","ast-global-header-display":"","ast-main-header-display":"","ast-hfb-above-header-display":"","ast-hfb-below-header-display":"","ast-hfb-mobile-header-display":"","site-post-title":"","ast-breadcrumbs-content":"","ast-featured-img":"","footer-sml-layout":"","theme-transparent-header-meta":"default","adv-header-id-meta":"","stick-header-meta":"","header-above-stick-meta":"","header-main-stick-meta":"","header-below-stick-meta":""},"product_brand":[],"product_cat":[16],"product_tag":[],"class_list":{"0":"post-580","1":"product","2":"type-product","3":"status-publish","4":"has-post-thumbnail","6":"product_cat-logistica","7":"desktop-align-left","8":"tablet-align-left","9":"mobile-align-left","11":"first","12":"instock","13":"shipping-taxable","14":"product-type-external"},"uagb_featured_image_src":{"full":["https:\/\/100fronteira.com.br\/fetramig\/wp-content\/uploads\/2022\/10\/ROTOgrama.png",800,800,false],"thumbnail":["https:\/\/100fronteira.com.br\/fetramig\/wp-content\/uploads\/2022\/10\/ROTOgrama-150x150.png",150,150,true],"medium":["https:\/\/100fronteira.com.br\/fetramig\/wp-content\/uploads\/2022\/10\/ROTOgrama-300x300.png",300,300,true],"medium_large":["https:\/\/100fronteira.com.br\/fetramig\/wp-content\/uploads\/2022\/10\/ROTOgrama-768x768.png",768,768,true],"large":["https:\/\/100fronteira.com.br\/fetramig\/wp-content\/uploads\/2022\/10\/ROTOgrama.png",800,800,false],"1536x1536":["https:\/\/100fronteira.com.br\/fetramig\/wp-content\/uploads\/2022\/10\/ROTOgrama.png",800,800,false],"2048x2048":["https:\/\/100fronteira.com.br\/fetramig\/wp-content\/uploads\/2022\/10\/ROTOgrama.png",800,800,false],"woocommerce_thumbnail":["https:\/\/100fronteira.com.br\/fetramig\/wp-content\/uploads\/2022\/10\/ROTOgrama-300x300.png",300,300,true],"woocommerce_single":["https:\/\/100fronteira.com.br\/fetramig\/wp-content\/uploads\/2022\/10\/ROTOgrama.png",800,800,false],"woocommerce_gallery_thumbnail":["https:\/\/100fronteira.com.br\/fetramig\/wp-content\/uploads\/2022\/10\/ROTOgrama-100x100.png",100,100,true]},"uagb_author_info":{"display_name":"gustavomleao99","author_link":"https:\/\/100fronteira.com.br\/fetramig\/author\/"},"uagb_comment_info":0,"uagb_excerpt":"A cria\u00e7\u00e3o de rotogramas inteligentes deve ser uma tarefa simples e \u00e1gil de ser executada, bastando ao gestor de frota somente ter as informa\u00e7\u00f5es necess\u00e1rias para tra\u00e7ar as rotas. Por isso, desenvolvemos um servi\u00e7o de rotograma falado que oferece flexibilidade e in\u00fameras possibilidades para cria\u00e7\u00e3o, edi\u00e7\u00e3o e gerenciamento de \u00e1reas no mapa. Facilitamos o gerenciamento&hellip;","jetpack_sharing_enabled":true,"_links":{"self":[{"href":"https:\/\/100fronteira.com.br\/fetramig\/wp-json\/wp\/v2\/product\/580","targetHints":{"allow":["GET"]}}],"collection":[{"href":"https:\/\/100fronteira.com.br\/fetramig\/wp-json\/wp\/v2\/product"}],"about":[{"href":"https:\/\/100fronteira.com.br\/fetramig\/wp-json\/wp\/v2\/types\/product"}],"replies":[{"embeddable":true,"href":"https:\/\/100fronteira.com.br\/fetramig\/wp-json\/wp\/v2\/comments?post=580"}],"wp:featuredmedia":[{"embeddable":true,"href":"https:\/\/100fronteira.com.br\/fetramig\/wp-json\/wp\/v2\/media\/595"}],"wp:attachment":[{"href":"https:\/\/100fronteira.com.br\/fetramig\/wp-json\/wp\/v2\/media?parent=580"}],"wp:term":[{"taxonomy":"product_brand","embeddable":true,"href":"https:\/\/100fronteira.com.br\/fetramig\/wp-json\/wp\/v2\/product_brand?post=580"},{"taxonomy":"product_cat","embeddable":true,"href":"https:\/\/100fronteira.com.br\/fetramig\/wp-json\/wp\/v2\/product_cat?post=580"},{"taxonomy":"product_tag","embeddable":true,"href":"https:\/\/100fronteira.com.br\/fetramig\/wp-json\/wp\/v2\/product_tag?post=580"}],"curies":[{"name":"wp","href":"https:\/\/api.w.org\/{rel}","templated":true}]}}