{"id":605,"date":"2022-11-01T17:17:58","date_gmt":"2022-11-01T17:17:58","guid":{"rendered":"https:\/\/100fronteira.com.br\/fetramig\/?post_type=product&#038;p=605"},"modified":"2022-11-03T18:44:06","modified_gmt":"2022-11-03T18:44:06","slug":"imobilizador-3s-2-0-venda","status":"publish","type":"product","link":"https:\/\/100fronteira.com.br\/fetramig\/produto\/imobilizador-3s-2-0-venda\/","title":{"rendered":"Imobilizador 3S 2.0 &#8211; Super Shield (Venda)\u200b"},"content":{"rendered":"<p><span class=\"TextRun SCXP71074898 BCX8\" lang=\"PT-BR\" xml:lang=\"PT-BR\" data-usefontface=\"false\" data-contrast=\"none\"><span class=\"NormalTextRun SCXP71074898 BCX8\">O Imobilizador 3S 2.0 Super\u00a0<\/span><\/span><span class=\"TextRun SCXP71074898 BCX8\" lang=\"PT-BR\" xml:lang=\"PT-BR\" data-usefontface=\"false\" data-contrast=\"none\"><span class=\"NormalTextRun SCXP71074898 BCX8\">Shield<\/span><\/span><span class=\"TextRun SCXP71074898 BCX8\" lang=\"PT-BR\" xml:lang=\"PT-BR\" data-usefontface=\"false\" data-contrast=\"none\"><span class=\"NormalTextRun SCXP71074898 BCX8\">\u00a0foi desenvolvido baseado na experi\u00eancia dos\u00a0<\/span><\/span><span class=\"TextRun SCXP71074898 BCX8\" lang=\"PT-BR\" xml:lang=\"PT-BR\" data-usefontface=\"false\" data-contrast=\"none\"><span class=\"NormalTextRun SCXP71074898 BCX8\">milhares de Imobilizadores 3S 1.0 instalados e em novas tecnologias desenvolvidas e\u00a0<\/span><\/span><span class=\"TextRun SCXP71074898 BCX8\" lang=\"PT-BR\" xml:lang=\"PT-BR\" data-usefontface=\"false\" data-contrast=\"none\"><span class=\"NormalTextRun SCXP71074898 BCX8\">patenteadas pela 3S Tecnologia. O objetivo \u00e9 frustrar tentativas de roubo de cargas e\u00a0<\/span><\/span><span class=\"TextRun SCXP71074898 BCX8\" lang=\"PT-BR\" xml:lang=\"PT-BR\" data-usefontface=\"false\" data-contrast=\"none\"><span class=\"NormalTextRun SCXP71074898 BCX8\">ve\u00edculos atrav\u00e9s da imobiliza\u00e7\u00e3o efetiva do motor.<\/span><\/span><span class=\"EOP SCXP71074898 BCX8\">\u200b<\/span><\/p>\n","protected":false},"excerpt":{"rendered":"<p data-ccp-props=\"{&quot;335551550&quot;:1,&quot;335551620&quot;:1,&quot;335559683&quot;:0,&quot;335559685&quot;:0,&quot;335559731&quot;:0,&quot;335559737&quot;:0,&quot;335562764&quot;:2,&quot;335562765&quot;:1,&quot;335562766&quot;:4,&quot;335562767&quot;:0,&quot;335562768&quot;:4,&quot;335562769&quot;:0}\">\u200b<\/p>\n<p data-ccp-props=\"{&quot;335551550&quot;:1,&quot;335551620&quot;:1,&quot;335559683&quot;:0,&quot;335559685&quot;:0,&quot;335559731&quot;:0,&quot;335559737&quot;:0,&quot;335562764&quot;:2,&quot;335562765&quot;:1,&quot;335562766&quot;:4,&quot;335562767&quot;:0,&quot;335562768&quot;:4,&quot;335562769&quot;:0}\">\u200b<\/p>\n<p data-ccp-props=\"{&quot;335551550&quot;:1,&quot;335551620&quot;:1,&quot;335559683&quot;:0,&quot;335559685&quot;:0,&quot;335559731&quot;:0,&quot;335559737&quot;:0,&quot;335562764&quot;:2,&quot;335562765&quot;:1,&quot;335562766&quot;:4,&quot;335562767&quot;:0,&quot;335562768&quot;:4,&quot;335562769&quot;:0}\"><span data-usefontface=\"false\" data-contrast=\"none\">Nova categoria de tecnologia para prote\u00e7\u00e3o de cargas e ve\u00edculos.\u00a0<\/span>\u200b<\/p>\n<p data-ccp-props=\"{&quot;335551550&quot;:1,&quot;335551620&quot;:1,&quot;335559683&quot;:0,&quot;335559685&quot;:0,&quot;335559731&quot;:0,&quot;335559737&quot;:0,&quot;335562764&quot;:2,&quot;335562765&quot;:1,&quot;335562766&quot;:4,&quot;335562767&quot;:0,&quot;335562768&quot;:4,&quot;335562769&quot;:0}\"><span data-usefontface=\"false\" data-contrast=\"none\">Exclusiva tecnologia de Blindagem Refor\u00e7ada Super\u00a0<\/span><span data-usefontface=\"false\" data-contrast=\"none\">Shield<\/span><span data-usefontface=\"false\" data-contrast=\"none\">.\u00a0<\/span>\u200b<\/p>\n<p data-ccp-props=\"{&quot;335551550&quot;:1,&quot;335551620&quot;:1,&quot;335559683&quot;:0,&quot;335559685&quot;:0,&quot;335559731&quot;:0,&quot;335559737&quot;:0,&quot;335562764&quot;:2,&quot;335562765&quot;:1,&quot;335562766&quot;:4,&quot;335562767&quot;:0,&quot;335562768&quot;:4,&quot;335562769&quot;:0}\">\u200b<\/p>\n<p><span data-usefontface=\"false\" data-contrast=\"none\">\u00danico Imobilizador Eletr\u00f4nico Blindado com A\u00e7o Carbono no motor do caminh\u00e3o<\/span>\u200b<\/p>\n<ul style=\"font-weight: 400;\">\n<li data-charcodes=\"8226\" data-font=\"Arial,Sans-Serif\" data-buautonum=\"8\" data-margin=\"450\" data-aria-posinset=\"2\" data-aria-level=\"1\">\u200b<span data-usefontface=\"false\" data-contrast=\"none\">Detec\u00e7\u00e3o de Jammer Fast\u00a0<\/span><span data-usefontface=\"false\" data-contrast=\"none\">Jamming<\/span><span data-usefontface=\"false\" data-contrast=\"none\">\u00a0<\/span><span data-usefontface=\"false\" data-contrast=\"none\">Detection<\/span><span data-usefontface=\"false\" data-contrast=\"none\">, r\u00e1pida e 150X mais precisa\u00a0<\/span>\u200b<\/li>\n<li data-charcodes=\"8226\" data-font=\"Arial,Sans-Serif\" data-buautonum=\"8\" data-margin=\"450\" data-aria-posinset=\"4\" data-aria-level=\"1\">\u200b<span data-usefontface=\"false\" data-contrast=\"none\">Imobiliza\u00e7\u00e3o autom\u00e1tica por intelig\u00eancia embarcada, desvio de rota ou comando<\/span>\u200b<\/li>\n<li data-charcodes=\"8226\" data-font=\"Arial,Sans-Serif\" data-buautonum=\"8\" data-margin=\"450\" data-aria-posinset=\"6\" data-aria-level=\"1\">\u200b<span data-usefontface=\"false\" data-contrast=\"none\">Localiza\u00e7\u00e3o RF Integrada com coordenadas GPS e alcance de longa dist\u00e2ncia<\/span>\u200b<\/li>\n<li data-charcodes=\"8226\" data-font=\"Arial,Sans-Serif\" data-buautonum=\"8\" data-margin=\"450\" data-aria-posinset=\"8\" data-aria-level=\"1\">\u200b<span data-usefontface=\"false\" data-contrast=\"none\">Exclusivo Painel de Rotas 3S: a mais avan\u00e7ada Ferramenta de Rotas do mercado<\/span>\u200b<\/li>\n<li data-charcodes=\"8226\" data-font=\"Arial,Sans-Serif\" data-buautonum=\"8\" data-margin=\"450\" data-aria-posinset=\"10\" data-aria-level=\"1\">\u200b<span data-usefontface=\"false\" data-contrast=\"none\">Controle Remoto para imobiliza\u00e7\u00e3o pela escolta<\/span>\u200b<\/li>\n<\/ul>\n<p data-ccp-props=\"{&quot;335551550&quot;:1,&quot;335551620&quot;:1,&quot;335559683&quot;:0,&quot;335559685&quot;:0,&quot;335559731&quot;:0,&quot;335559737&quot;:0,&quot;335562764&quot;:2,&quot;335562765&quot;:1,&quot;335562766&quot;:4,&quot;335562767&quot;:0,&quot;335562768&quot;:4,&quot;335562769&quot;:0}\"><span data-usefontface=\"false\" data-contrast=\"none\">(A compra e uso do equipamento por comodato est\u00e1 sujeita a mensalidade de R$ 94,00)<\/span>\u200b<\/p>\n","protected":false},"featured_media":616,"comment_status":"open","ping_status":"closed","template":"","meta":{"_eb_attr":"","_crdt_document":"","_uag_custom_page_level_css":"","site-sidebar-layout":"default","site-content-layout":"default","ast-global-header-display":"","ast-main-header-display":"","ast-hfb-above-header-display":"","ast-hfb-below-header-display":"","ast-hfb-mobile-header-display":"","site-post-title":"","ast-breadcrumbs-content":"","ast-featured-img":"","footer-sml-layout":"","theme-transparent-header-meta":"default","adv-header-id-meta":"","stick-header-meta":"","header-above-stick-meta":"","header-main-stick-meta":"","header-below-stick-meta":""},"product_brand":[],"product_cat":[25],"product_tag":[],"class_list":{"0":"post-605","1":"product","2":"type-product","3":"status-publish","4":"has-post-thumbnail","6":"product_cat-equipamentos","7":"desktop-align-left","8":"tablet-align-left","9":"mobile-align-left","11":"first","12":"instock","13":"sale","14":"shipping-taxable","15":"purchasable","16":"product-type-simple"},"uagb_featured_image_src":{"full":["https:\/\/100fronteira.com.br\/fetramig\/wp-content\/uploads\/2022\/11\/seguro-transpo-4.png",800,800,false],"thumbnail":["https:\/\/100fronteira.com.br\/fetramig\/wp-content\/uploads\/2022\/11\/seguro-transpo-4-150x150.png",150,150,true],"medium":["https:\/\/100fronteira.com.br\/fetramig\/wp-content\/uploads\/2022\/11\/seguro-transpo-4-300x300.png",300,300,true],"medium_large":["https:\/\/100fronteira.com.br\/fetramig\/wp-content\/uploads\/2022\/11\/seguro-transpo-4-768x768.png",768,768,true],"large":["https:\/\/100fronteira.com.br\/fetramig\/wp-content\/uploads\/2022\/11\/seguro-transpo-4.png",800,800,false],"1536x1536":["https:\/\/100fronteira.com.br\/fetramig\/wp-content\/uploads\/2022\/11\/seguro-transpo-4.png",800,800,false],"2048x2048":["https:\/\/100fronteira.com.br\/fetramig\/wp-content\/uploads\/2022\/11\/seguro-transpo-4.png",800,800,false],"woocommerce_thumbnail":["https:\/\/100fronteira.com.br\/fetramig\/wp-content\/uploads\/2022\/11\/seguro-transpo-4-300x300.png",300,300,true],"woocommerce_single":["https:\/\/100fronteira.com.br\/fetramig\/wp-content\/uploads\/2022\/11\/seguro-transpo-4.png",800,800,false],"woocommerce_gallery_thumbnail":["https:\/\/100fronteira.com.br\/fetramig\/wp-content\/uploads\/2022\/11\/seguro-transpo-4-100x100.png",100,100,true]},"uagb_author_info":{"display_name":"gustavomleao99","author_link":"https:\/\/100fronteira.com.br\/fetramig\/author\/"},"uagb_comment_info":0,"uagb_excerpt":"\u200b \u200b Nova categoria de tecnologia para prote\u00e7\u00e3o de cargas e ve\u00edculos.\u00a0\u200b Exclusiva tecnologia de Blindagem Refor\u00e7ada Super\u00a0Shield.\u00a0\u200b \u200b \u00danico Imobilizador Eletr\u00f4nico Blindado com A\u00e7o Carbono no motor do caminh\u00e3o\u200b \u200bDetec\u00e7\u00e3o de Jammer Fast\u00a0Jamming\u00a0Detection, r\u00e1pida e 150X mais precisa\u00a0\u200b \u200bImobiliza\u00e7\u00e3o autom\u00e1tica por intelig\u00eancia embarcada, desvio de rota ou comando\u200b \u200bLocaliza\u00e7\u00e3o RF Integrada com coordenadas GPS&hellip;","jetpack_sharing_enabled":true,"_links":{"self":[{"href":"https:\/\/100fronteira.com.br\/fetramig\/wp-json\/wp\/v2\/product\/605","targetHints":{"allow":["GET"]}}],"collection":[{"href":"https:\/\/100fronteira.com.br\/fetramig\/wp-json\/wp\/v2\/product"}],"about":[{"href":"https:\/\/100fronteira.com.br\/fetramig\/wp-json\/wp\/v2\/types\/product"}],"replies":[{"embeddable":true,"href":"https:\/\/100fronteira.com.br\/fetramig\/wp-json\/wp\/v2\/comments?post=605"}],"wp:featuredmedia":[{"embeddable":true,"href":"https:\/\/100fronteira.com.br\/fetramig\/wp-json\/wp\/v2\/media\/616"}],"wp:attachment":[{"href":"https:\/\/100fronteira.com.br\/fetramig\/wp-json\/wp\/v2\/media?parent=605"}],"wp:term":[{"taxonomy":"product_brand","embeddable":true,"href":"https:\/\/100fronteira.com.br\/fetramig\/wp-json\/wp\/v2\/product_brand?post=605"},{"taxonomy":"product_cat","embeddable":true,"href":"https:\/\/100fronteira.com.br\/fetramig\/wp-json\/wp\/v2\/product_cat?post=605"},{"taxonomy":"product_tag","embeddable":true,"href":"https:\/\/100fronteira.com.br\/fetramig\/wp-json\/wp\/v2\/product_tag?post=605"}],"curies":[{"name":"wp","href":"https:\/\/api.w.org\/{rel}","templated":true}]}}