{"id":610,"date":"2022-11-01T19:05:06","date_gmt":"2022-11-01T19:05:06","guid":{"rendered":"https:\/\/100fronteira.com.br\/fetramig\/?post_type=product&#038;p=610"},"modified":"2022-11-03T18:44:27","modified_gmt":"2022-11-03T18:44:27","slug":"3s-carretas-comodato","status":"publish","type":"product","link":"https:\/\/100fronteira.com.br\/fetramig\/produto\/3s-carretas-comodato\/","title":{"rendered":"3S Carretas (Comodato)\u200b"},"content":{"rendered":"<p data-ccp-props=\"{&quot;335551550&quot;:1,&quot;335551620&quot;:1,&quot;335559683&quot;:0,&quot;335559685&quot;:0,&quot;335559731&quot;:0,&quot;335559737&quot;:0,&quot;335562764&quot;:2,&quot;335562765&quot;:1,&quot;335562766&quot;:4,&quot;335562767&quot;:0,&quot;335562768&quot;:4,&quot;335562769&quot;:0}\"><span data-usefontface=\"false\" data-contrast=\"none\">O sistema 3S Carretas \u00e9 uma solu\u00e7\u00e3o exclusiva e in\u00e9dita da 3S Tecnologia, um <\/span>\u200b<span data-usefontface=\"false\" data-contrast=\"none\">acess\u00f3rio que pode ser integrado com o Sistema TMS, disponibilizando dados\u00a0<\/span>\u200b<span data-usefontface=\"false\" data-contrast=\"none\">e integrando o sistema a outros softwares de gerenciamento. Uma ferramenta\u00a0<\/span>\u200b<span data-usefontface=\"false\" data-contrast=\"none\">de gest\u00e3o que vai ajudar na administra\u00e7\u00e3o, facilitando a log\u00edstica, manuten\u00e7\u00e3o\u00a0<\/span>\u200b<span data-usefontface=\"false\" data-contrast=\"none\">e otimiza\u00e7\u00e3o do uso das carretas.<\/span><\/p>\n<p><span class=\"EOP SCXP71074898 BCX8\"><span class=\"EOP SCXP148018367 BCX8\">\u200b<\/span>\u200b<\/span><\/p>\n","protected":false},"excerpt":{"rendered":"<p data-ccp-props=\"{&quot;335551550&quot;:1,&quot;335551620&quot;:1,&quot;335559683&quot;:0,&quot;335559685&quot;:0,&quot;335559731&quot;:0,&quot;335559737&quot;:0,&quot;335562764&quot;:2,&quot;335562765&quot;:1,&quot;335562766&quot;:4,&quot;335562767&quot;:0,&quot;335562768&quot;:4,&quot;335562769&quot;:0}\">\u200b<\/p>\n<p data-ccp-props=\"{&quot;335551550&quot;:1,&quot;335551620&quot;:1,&quot;335559683&quot;:0,&quot;335559685&quot;:0,&quot;335559731&quot;:0,&quot;335559737&quot;:0,&quot;335562764&quot;:2,&quot;335562765&quot;:1,&quot;335562766&quot;:4,&quot;335562767&quot;:0,&quot;335562768&quot;:4,&quot;335562769&quot;:0}\">\u200b<\/p>\n<p data-ccp-props=\"{&quot;335551550&quot;:1,&quot;335551620&quot;:1,&quot;335559683&quot;:0,&quot;335559685&quot;:0,&quot;335559731&quot;:0,&quot;335559737&quot;:0,&quot;335562764&quot;:2,&quot;335562765&quot;:1,&quot;335562766&quot;:4,&quot;335562767&quot;:0,&quot;335562768&quot;:4,&quot;335562769&quot;:0}\"><span data-usefontface=\"false\" data-contrast=\"none\">O \u00fanico sistema de rastreamento desenvolvido exclusivamente para carretas!<\/span>\u200b<\/p>\n<ul style=\"font-weight: 400;\">\n<li data-charcodes=\"8226\" data-font=\"Arial,Sans-Serif\" data-buautonum=\"8\" data-margin=\"450\" data-aria-posinset=\"1\" data-aria-level=\"1\"><span data-usefontface=\"false\" data-contrast=\"none\">Mais de 60 dias de autonomia de bateria com a carreta desengatada\u00a0<\/span>\u200b<\/li>\n<li data-charcodes=\"8226\" data-font=\"Arial,Sans-Serif\" data-buautonum=\"8\" data-margin=\"450\" data-aria-posinset=\"2\" data-aria-level=\"1\">\u200b<span data-usefontface=\"false\" data-contrast=\"none\">Painel de Gest\u00e3o Operacional \u2013 Onde est\u00e3o as minhas carretas?<\/span>\u200b<\/li>\n<li data-charcodes=\"8226\" data-font=\"Arial,Sans-Serif\" data-buautonum=\"8\" data-margin=\"450\" data-aria-posinset=\"4\" data-aria-level=\"1\">\u200b<span data-usefontface=\"false\" data-contrast=\"none\">Gest\u00e3o de Manuten\u00e7\u00e3o e Pneus \u2013 KM Rodado \/ Integra\u00e7\u00e3o com TMS<\/span>\u200b<\/li>\n<li data-charcodes=\"8226\" data-font=\"Arial,Sans-Serif\" data-buautonum=\"8\" data-margin=\"450\" data-aria-posinset=\"6\" data-aria-level=\"1\">\u200b<span data-usefontface=\"false\" data-contrast=\"none\">Taxa de utiliza\u00e7\u00e3o \u2013 KM Rodado e Tempo de Utiliza\u00e7\u00e3o<\/span>\u200b<\/li>\n<li data-charcodes=\"8226\" data-font=\"Arial,Sans-Serif\" data-buautonum=\"8\" data-margin=\"450\" data-aria-posinset=\"8\" data-aria-level=\"1\">\u200b<span data-usefontface=\"false\" data-contrast=\"none\">Preven\u00e7\u00e3o de Acidentes \u2013 Velocidade \/ Jornada \/ Restri\u00e7\u00f5es de hor\u00e1rios<\/span>\u200b<\/li>\n<li data-charcodes=\"8226\" data-font=\"Arial,Sans-Serif\" data-buautonum=\"8\" data-margin=\"450\" data-aria-posinset=\"10\" data-aria-level=\"1\">\u200b<span data-usefontface=\"false\" data-contrast=\"none\">Rastreador de Redund\u00e2ncia \u2013 Seguran\u00e7a contra Roubos e Furtos<\/span>\u200b<\/li>\n<\/ul>\n<p data-ccp-props=\"{&quot;335551550&quot;:1,&quot;335551620&quot;:1,&quot;335559683&quot;:0,&quot;335559685&quot;:0,&quot;335559731&quot;:0,&quot;335559737&quot;:0,&quot;335562764&quot;:2,&quot;335562765&quot;:1,&quot;335562766&quot;:4,&quot;335562767&quot;:0,&quot;335562768&quot;:4,&quot;335562769&quot;:0}\"><span data-usefontface=\"false\" data-contrast=\"none\">(A compra e uso do equipamento por comodato est\u00e1 sujeita a mensalidade de R$ 73,00)<\/span>\u200b<\/p>\n","protected":false},"featured_media":618,"comment_status":"open","ping_status":"closed","template":"","meta":{"_eb_attr":"","_crdt_document":"","_uag_custom_page_level_css":"","site-sidebar-layout":"default","site-content-layout":"default","ast-global-header-display":"","ast-main-header-display":"","ast-hfb-above-header-display":"","ast-hfb-below-header-display":"","ast-hfb-mobile-header-display":"","site-post-title":"","ast-breadcrumbs-content":"","ast-featured-img":"","footer-sml-layout":"","theme-transparent-header-meta":"default","adv-header-id-meta":"","stick-header-meta":"","header-above-stick-meta":"","header-main-stick-meta":"","header-below-stick-meta":""},"product_brand":[],"product_cat":[25],"product_tag":[],"class_list":{"0":"post-610","1":"product","2":"type-product","3":"status-publish","4":"has-post-thumbnail","6":"product_cat-equipamentos","7":"desktop-align-left","8":"tablet-align-left","9":"mobile-align-left","11":"first","12":"instock","13":"sale","14":"shipping-taxable","15":"purchasable","16":"product-type-simple"},"uagb_featured_image_src":{"full":["https:\/\/100fronteira.com.br\/fetramig\/wp-content\/uploads\/2022\/11\/seguro-transpo-2.png",800,800,false],"thumbnail":["https:\/\/100fronteira.com.br\/fetramig\/wp-content\/uploads\/2022\/11\/seguro-transpo-2-150x150.png",150,150,true],"medium":["https:\/\/100fronteira.com.br\/fetramig\/wp-content\/uploads\/2022\/11\/seguro-transpo-2-300x300.png",300,300,true],"medium_large":["https:\/\/100fronteira.com.br\/fetramig\/wp-content\/uploads\/2022\/11\/seguro-transpo-2-768x768.png",768,768,true],"large":["https:\/\/100fronteira.com.br\/fetramig\/wp-content\/uploads\/2022\/11\/seguro-transpo-2.png",800,800,false],"1536x1536":["https:\/\/100fronteira.com.br\/fetramig\/wp-content\/uploads\/2022\/11\/seguro-transpo-2.png",800,800,false],"2048x2048":["https:\/\/100fronteira.com.br\/fetramig\/wp-content\/uploads\/2022\/11\/seguro-transpo-2.png",800,800,false],"woocommerce_thumbnail":["https:\/\/100fronteira.com.br\/fetramig\/wp-content\/uploads\/2022\/11\/seguro-transpo-2-300x300.png",300,300,true],"woocommerce_single":["https:\/\/100fronteira.com.br\/fetramig\/wp-content\/uploads\/2022\/11\/seguro-transpo-2.png",800,800,false],"woocommerce_gallery_thumbnail":["https:\/\/100fronteira.com.br\/fetramig\/wp-content\/uploads\/2022\/11\/seguro-transpo-2-100x100.png",100,100,true]},"uagb_author_info":{"display_name":"gustavomleao99","author_link":"https:\/\/100fronteira.com.br\/fetramig\/author\/"},"uagb_comment_info":0,"uagb_excerpt":"\u200b \u200b O \u00fanico sistema de rastreamento desenvolvido exclusivamente para carretas!\u200b Mais de 60 dias de autonomia de bateria com a carreta desengatada\u00a0\u200b \u200bPainel de Gest\u00e3o Operacional \u2013 Onde est\u00e3o as minhas carretas?\u200b \u200bGest\u00e3o de Manuten\u00e7\u00e3o e Pneus \u2013 KM Rodado \/ Integra\u00e7\u00e3o com TMS\u200b \u200bTaxa de utiliza\u00e7\u00e3o \u2013 KM Rodado e Tempo de Utiliza\u00e7\u00e3o\u200b&hellip;","jetpack_sharing_enabled":true,"_links":{"self":[{"href":"https:\/\/100fronteira.com.br\/fetramig\/wp-json\/wp\/v2\/product\/610","targetHints":{"allow":["GET"]}}],"collection":[{"href":"https:\/\/100fronteira.com.br\/fetramig\/wp-json\/wp\/v2\/product"}],"about":[{"href":"https:\/\/100fronteira.com.br\/fetramig\/wp-json\/wp\/v2\/types\/product"}],"replies":[{"embeddable":true,"href":"https:\/\/100fronteira.com.br\/fetramig\/wp-json\/wp\/v2\/comments?post=610"}],"wp:featuredmedia":[{"embeddable":true,"href":"https:\/\/100fronteira.com.br\/fetramig\/wp-json\/wp\/v2\/media\/618"}],"wp:attachment":[{"href":"https:\/\/100fronteira.com.br\/fetramig\/wp-json\/wp\/v2\/media?parent=610"}],"wp:term":[{"taxonomy":"product_brand","embeddable":true,"href":"https:\/\/100fronteira.com.br\/fetramig\/wp-json\/wp\/v2\/product_brand?post=610"},{"taxonomy":"product_cat","embeddable":true,"href":"https:\/\/100fronteira.com.br\/fetramig\/wp-json\/wp\/v2\/product_cat?post=610"},{"taxonomy":"product_tag","embeddable":true,"href":"https:\/\/100fronteira.com.br\/fetramig\/wp-json\/wp\/v2\/product_tag?post=610"}],"curies":[{"name":"wp","href":"https:\/\/api.w.org\/{rel}","templated":true}]}}