{"id":633,"date":"2022-11-04T13:57:16","date_gmt":"2022-11-04T13:57:16","guid":{"rendered":"https:\/\/100fronteira.com.br\/fetramig\/?post_type=product&#038;p=633"},"modified":"2022-11-04T14:03:18","modified_gmt":"2022-11-04T14:03:18","slug":"isca-de-carga-retornavel","status":"publish","type":"product","link":"https:\/\/100fronteira.com.br\/fetramig\/produto\/isca-de-carga-retornavel\/","title":{"rendered":"Isca de Carga Retorn\u00e1vel"},"content":{"rendered":"<p><img loading=\"lazy\" decoding=\"async\" class=\"aligncenter size-full wp-image-635\" src=\"https:\/\/100fronteira.com.br\/fetramig\/wp-content\/uploads\/2022\/11\/isca-de-carga-retornavel.png\" alt=\"\" width=\"1080\" height=\"2019\" srcset=\"https:\/\/100fronteira.com.br\/fetramig\/wp-content\/uploads\/2022\/11\/isca-de-carga-retornavel.png 1080w, https:\/\/100fronteira.com.br\/fetramig\/wp-content\/uploads\/2022\/11\/isca-de-carga-retornavel-160x300.png 160w, https:\/\/100fronteira.com.br\/fetramig\/wp-content\/uploads\/2022\/11\/isca-de-carga-retornavel-548x1024.png 548w, https:\/\/100fronteira.com.br\/fetramig\/wp-content\/uploads\/2022\/11\/isca-de-carga-retornavel-768x1436.png 768w, https:\/\/100fronteira.com.br\/fetramig\/wp-content\/uploads\/2022\/11\/isca-de-carga-retornavel-822x1536.png 822w, https:\/\/100fronteira.com.br\/fetramig\/wp-content\/uploads\/2022\/11\/isca-de-carga-retornavel-800x1496.png 800w\" sizes=\"auto, (max-width: 1080px) 100vw, 1080px\" \/><\/p>\n","protected":false},"excerpt":{"rendered":"<p>Isca de carga recarreg\u00e1vel ou retorn\u00e1vel \u00e9 um dispositivo com alta tecnologia, desenvolvido para atender qualquer risco, te possibilita o carregamento da bateria para qualquer tipo de opera\u00e7\u00e3o, a solu\u00e7\u00e3o perfeita para a recupera\u00e7\u00e3o da sua carga!<\/p>\n<p>O\u00a0<strong>Ravex Isca<\/strong> \u00e9 uma solu\u00e7\u00e3o completa, desenvolvida para o rastreamento e recupera\u00e7\u00f5es de cargas. Disponibiliza ao usu\u00e1rio a possibilidade de monitorar seu bem \u2013 atrav\u00e9s da tecnologia GPRS e RF.<\/p>\n","protected":false},"featured_media":634,"comment_status":"open","ping_status":"closed","template":"","meta":{"_eb_attr":"","_crdt_document":"","_uag_custom_page_level_css":"","site-sidebar-layout":"default","site-content-layout":"default","ast-global-header-display":"","ast-main-header-display":"","ast-hfb-above-header-display":"","ast-hfb-below-header-display":"","ast-hfb-mobile-header-display":"","site-post-title":"","ast-breadcrumbs-content":"","ast-featured-img":"","footer-sml-layout":"","theme-transparent-header-meta":"default","adv-header-id-meta":"","stick-header-meta":"","header-above-stick-meta":"","header-main-stick-meta":"","header-below-stick-meta":""},"product_brand":[],"product_cat":[19],"product_tag":[],"class_list":{"0":"post-633","1":"product","2":"type-product","3":"status-publish","4":"has-post-thumbnail","6":"product_cat-iscas-de-cargas","7":"desktop-align-left","8":"tablet-align-left","9":"mobile-align-left","11":"first","12":"instock","13":"shipping-taxable","14":"purchasable","15":"product-type-simple"},"uagb_featured_image_src":{"full":["https:\/\/100fronteira.com.br\/fetramig\/wp-content\/uploads\/2022\/11\/PRODUTOS-RAVEX.png",800,800,false],"thumbnail":["https:\/\/100fronteira.com.br\/fetramig\/wp-content\/uploads\/2022\/11\/PRODUTOS-RAVEX-150x150.png",150,150,true],"medium":["https:\/\/100fronteira.com.br\/fetramig\/wp-content\/uploads\/2022\/11\/PRODUTOS-RAVEX-300x300.png",300,300,true],"medium_large":["https:\/\/100fronteira.com.br\/fetramig\/wp-content\/uploads\/2022\/11\/PRODUTOS-RAVEX-768x768.png",768,768,true],"large":["https:\/\/100fronteira.com.br\/fetramig\/wp-content\/uploads\/2022\/11\/PRODUTOS-RAVEX.png",800,800,false],"1536x1536":["https:\/\/100fronteira.com.br\/fetramig\/wp-content\/uploads\/2022\/11\/PRODUTOS-RAVEX.png",800,800,false],"2048x2048":["https:\/\/100fronteira.com.br\/fetramig\/wp-content\/uploads\/2022\/11\/PRODUTOS-RAVEX.png",800,800,false],"woocommerce_thumbnail":["https:\/\/100fronteira.com.br\/fetramig\/wp-content\/uploads\/2022\/11\/PRODUTOS-RAVEX-300x300.png",300,300,true],"woocommerce_single":["https:\/\/100fronteira.com.br\/fetramig\/wp-content\/uploads\/2022\/11\/PRODUTOS-RAVEX.png",800,800,false],"woocommerce_gallery_thumbnail":["https:\/\/100fronteira.com.br\/fetramig\/wp-content\/uploads\/2022\/11\/PRODUTOS-RAVEX-100x100.png",100,100,true]},"uagb_author_info":{"display_name":"gustavomleao99","author_link":"https:\/\/100fronteira.com.br\/fetramig\/author\/"},"uagb_comment_info":0,"uagb_excerpt":"Isca de carga recarreg\u00e1vel ou retorn\u00e1vel \u00e9 um dispositivo com alta tecnologia, desenvolvido para atender qualquer risco, te possibilita o carregamento da bateria para qualquer tipo de opera\u00e7\u00e3o, a solu\u00e7\u00e3o perfeita para a recupera\u00e7\u00e3o da sua carga! O\u00a0Ravex Isca \u00e9 uma solu\u00e7\u00e3o completa, desenvolvida para o rastreamento e recupera\u00e7\u00f5es de cargas. Disponibiliza ao usu\u00e1rio a&hellip;","jetpack_sharing_enabled":true,"_links":{"self":[{"href":"https:\/\/100fronteira.com.br\/fetramig\/wp-json\/wp\/v2\/product\/633","targetHints":{"allow":["GET"]}}],"collection":[{"href":"https:\/\/100fronteira.com.br\/fetramig\/wp-json\/wp\/v2\/product"}],"about":[{"href":"https:\/\/100fronteira.com.br\/fetramig\/wp-json\/wp\/v2\/types\/product"}],"replies":[{"embeddable":true,"href":"https:\/\/100fronteira.com.br\/fetramig\/wp-json\/wp\/v2\/comments?post=633"}],"wp:featuredmedia":[{"embeddable":true,"href":"https:\/\/100fronteira.com.br\/fetramig\/wp-json\/wp\/v2\/media\/634"}],"wp:attachment":[{"href":"https:\/\/100fronteira.com.br\/fetramig\/wp-json\/wp\/v2\/media?parent=633"}],"wp:term":[{"taxonomy":"product_brand","embeddable":true,"href":"https:\/\/100fronteira.com.br\/fetramig\/wp-json\/wp\/v2\/product_brand?post=633"},{"taxonomy":"product_cat","embeddable":true,"href":"https:\/\/100fronteira.com.br\/fetramig\/wp-json\/wp\/v2\/product_cat?post=633"},{"taxonomy":"product_tag","embeddable":true,"href":"https:\/\/100fronteira.com.br\/fetramig\/wp-json\/wp\/v2\/product_tag?post=633"}],"curies":[{"name":"wp","href":"https:\/\/api.w.org\/{rel}","templated":true}]}}