{"id":636,"date":"2022-11-04T14:07:02","date_gmt":"2022-11-04T14:07:02","guid":{"rendered":"https:\/\/100fronteira.com.br\/fetramig\/?post_type=product&#038;p=636"},"modified":"2022-11-22T19:53:29","modified_gmt":"2022-11-22T19:53:29","slug":"isca-descartavel-ravex","status":"publish","type":"product","link":"https:\/\/100fronteira.com.br\/fetramig\/produto\/isca-descartavel-ravex\/","title":{"rendered":"Isca Descart\u00e1vel &#8211; Ravex"},"content":{"rendered":"<p><img loading=\"lazy\" decoding=\"async\" class=\"aligncenter size-full wp-image-639\" src=\"https:\/\/100fronteira.com.br\/fetramig\/wp-content\/uploads\/2022\/11\/isca-de-carga-descartavel.png\" alt=\"\" width=\"1080\" height=\"2019\" srcset=\"https:\/\/100fronteira.com.br\/fetramig\/wp-content\/uploads\/2022\/11\/isca-de-carga-descartavel.png 1080w, https:\/\/100fronteira.com.br\/fetramig\/wp-content\/uploads\/2022\/11\/isca-de-carga-descartavel-160x300.png 160w, https:\/\/100fronteira.com.br\/fetramig\/wp-content\/uploads\/2022\/11\/isca-de-carga-descartavel-548x1024.png 548w, https:\/\/100fronteira.com.br\/fetramig\/wp-content\/uploads\/2022\/11\/isca-de-carga-descartavel-768x1436.png 768w, https:\/\/100fronteira.com.br\/fetramig\/wp-content\/uploads\/2022\/11\/isca-de-carga-descartavel-822x1536.png 822w, https:\/\/100fronteira.com.br\/fetramig\/wp-content\/uploads\/2022\/11\/isca-de-carga-descartavel-800x1496.png 800w\" sizes=\"auto, (max-width: 1080px) 100vw, 1080px\" \/><\/p>\n","protected":false},"excerpt":{"rendered":"<p>A isca de carga descart\u00e1vel \u00e9 um dispositivo ideal para casos de uma \u00fanica viagem, geralmente voltada para o mercado de alto valor agregado ou para voc\u00ea que deseja a localiza\u00e7\u00e3o de uma carga em uma determinada viagem!<\/p>\n<p>O\u00a0<strong>Ravex Isca<\/strong>\u00a0\u00e9 uma solu\u00e7\u00e3o completa, desenvolvida para o rastreamento e recupera\u00e7\u00f5es de cargas. Disponibiliza ao usu\u00e1rio a possibilidade de monitorar seu bem \u2013 atrav\u00e9s da tecnologia GPRS e RF.<\/p>\n","protected":false},"featured_media":640,"comment_status":"open","ping_status":"closed","template":"","meta":{"_eb_attr":"","_crdt_document":"","_uag_custom_page_level_css":"","site-sidebar-layout":"default","site-content-layout":"default","ast-global-header-display":"","ast-main-header-display":"","ast-hfb-above-header-display":"","ast-hfb-below-header-display":"","ast-hfb-mobile-header-display":"","site-post-title":"","ast-breadcrumbs-content":"","ast-featured-img":"","footer-sml-layout":"","theme-transparent-header-meta":"default","adv-header-id-meta":"","stick-header-meta":"","header-above-stick-meta":"","header-main-stick-meta":"","header-below-stick-meta":""},"product_brand":[],"product_cat":[19],"product_tag":[],"class_list":{"0":"post-636","1":"product","2":"type-product","3":"status-publish","4":"has-post-thumbnail","6":"product_cat-iscas-de-cargas","7":"desktop-align-left","8":"tablet-align-left","9":"mobile-align-left","11":"first","12":"instock","13":"shipping-taxable","14":"purchasable","15":"product-type-simple"},"uagb_featured_image_src":{"full":["https:\/\/100fronteira.com.br\/fetramig\/wp-content\/uploads\/2022\/11\/PRODUTOS-RAVEX-1.png",800,800,false],"thumbnail":["https:\/\/100fronteira.com.br\/fetramig\/wp-content\/uploads\/2022\/11\/PRODUTOS-RAVEX-1-150x150.png",150,150,true],"medium":["https:\/\/100fronteira.com.br\/fetramig\/wp-content\/uploads\/2022\/11\/PRODUTOS-RAVEX-1-300x300.png",300,300,true],"medium_large":["https:\/\/100fronteira.com.br\/fetramig\/wp-content\/uploads\/2022\/11\/PRODUTOS-RAVEX-1-768x768.png",768,768,true],"large":["https:\/\/100fronteira.com.br\/fetramig\/wp-content\/uploads\/2022\/11\/PRODUTOS-RAVEX-1.png",800,800,false],"1536x1536":["https:\/\/100fronteira.com.br\/fetramig\/wp-content\/uploads\/2022\/11\/PRODUTOS-RAVEX-1.png",800,800,false],"2048x2048":["https:\/\/100fronteira.com.br\/fetramig\/wp-content\/uploads\/2022\/11\/PRODUTOS-RAVEX-1.png",800,800,false],"woocommerce_thumbnail":["https:\/\/100fronteira.com.br\/fetramig\/wp-content\/uploads\/2022\/11\/PRODUTOS-RAVEX-1-300x300.png",300,300,true],"woocommerce_single":["https:\/\/100fronteira.com.br\/fetramig\/wp-content\/uploads\/2022\/11\/PRODUTOS-RAVEX-1.png",800,800,false],"woocommerce_gallery_thumbnail":["https:\/\/100fronteira.com.br\/fetramig\/wp-content\/uploads\/2022\/11\/PRODUTOS-RAVEX-1-100x100.png",100,100,true]},"uagb_author_info":{"display_name":"gustavomleao99","author_link":"https:\/\/100fronteira.com.br\/fetramig\/author\/"},"uagb_comment_info":0,"uagb_excerpt":"A isca de carga descart\u00e1vel \u00e9 um dispositivo ideal para casos de uma \u00fanica viagem, geralmente voltada para o mercado de alto valor agregado ou para voc\u00ea que deseja a localiza\u00e7\u00e3o de uma carga em uma determinada viagem! O\u00a0Ravex Isca\u00a0\u00e9 uma solu\u00e7\u00e3o completa, desenvolvida para o rastreamento e recupera\u00e7\u00f5es de cargas. Disponibiliza ao usu\u00e1rio a&hellip;","jetpack_sharing_enabled":true,"_links":{"self":[{"href":"https:\/\/100fronteira.com.br\/fetramig\/wp-json\/wp\/v2\/product\/636","targetHints":{"allow":["GET"]}}],"collection":[{"href":"https:\/\/100fronteira.com.br\/fetramig\/wp-json\/wp\/v2\/product"}],"about":[{"href":"https:\/\/100fronteira.com.br\/fetramig\/wp-json\/wp\/v2\/types\/product"}],"replies":[{"embeddable":true,"href":"https:\/\/100fronteira.com.br\/fetramig\/wp-json\/wp\/v2\/comments?post=636"}],"wp:featuredmedia":[{"embeddable":true,"href":"https:\/\/100fronteira.com.br\/fetramig\/wp-json\/wp\/v2\/media\/640"}],"wp:attachment":[{"href":"https:\/\/100fronteira.com.br\/fetramig\/wp-json\/wp\/v2\/media?parent=636"}],"wp:term":[{"taxonomy":"product_brand","embeddable":true,"href":"https:\/\/100fronteira.com.br\/fetramig\/wp-json\/wp\/v2\/product_brand?post=636"},{"taxonomy":"product_cat","embeddable":true,"href":"https:\/\/100fronteira.com.br\/fetramig\/wp-json\/wp\/v2\/product_cat?post=636"},{"taxonomy":"product_tag","embeddable":true,"href":"https:\/\/100fronteira.com.br\/fetramig\/wp-json\/wp\/v2\/product_tag?post=636"}],"curies":[{"name":"wp","href":"https:\/\/api.w.org\/{rel}","templated":true}]}}