{"id":655,"date":"2022-11-04T16:48:50","date_gmt":"2022-11-04T16:48:50","guid":{"rendered":"https:\/\/100fronteira.com.br\/fetramig\/?post_type=product&#038;p=655"},"modified":"2022-11-21T17:05:37","modified_gmt":"2022-11-21T17:05:37","slug":"kit-distribuicao-profissional-glok-sistemas","status":"publish","type":"product","link":"https:\/\/100fronteira.com.br\/fetramig\/produto\/kit-distribuicao-profissional-glok-sistemas\/","title":{"rendered":"Kit Distribui\u00e7\u00e3o Profissional &#8211; Glok Sistemas"},"content":{"rendered":"<p>Pacote de viagens:<\/p>\n<ul>\n<li>R$3,00 at\u00e9 500 viagens<\/li>\n<li>R$2,80 de 501 at\u00e9 1000 viagens<\/li>\n<li>R$2,60 de 1001 at\u00e9 2000 viagens<\/li>\n<li>R$2,40 de 2001 viagens at\u00e9 6000 viagens<\/li>\n<li>R$2,00 acima de 6001 viagens<\/li>\n<\/ul>\n","protected":false},"excerpt":{"rendered":"<p>Neste pacote de softwares est\u00e1 incluso os seguintes softwares:<\/p>\n<ul>\n<li><a href=\"https:\/\/glok.com.br\/gestao-logistico\/\">Gest\u00e3o de Entregas<\/a><\/li>\n<li><a href=\"https:\/\/glok.com.br\/gestor-de-anomalias\/\">Gest\u00e3o de Anomalias<\/a><\/li>\n<li><a href=\"https:\/\/glok.com.br\/gestao-de-temperatura\/\">Temperatura<\/a><\/li>\n<li><a href=\"https:\/\/glok.com.br\/aplicativos\/\">Aplicativo Na Estrada<\/a><\/li>\n<li>Pernoite<\/li>\n<li><a href=\"https:\/\/glok.com.br\/custo-adicional\/\">Custo Adicional<\/a><\/li>\n<li><a href=\"https:\/\/glok.com.br\/gestor-de-canhotos\/\">Gestor de Canhotos<\/a><\/li>\n<li><a href=\"https:\/\/glok.com.br\/aplicativos\/\">Aplicativo Aprovador<\/a><\/li>\n<li><a href=\"https:\/\/glok.com.br\/aplicativos\/\">Aplicativo Comercial<\/a><\/li>\n<\/ul>\n<p><strong>Clique nos nomes dos softwares acima e conhe\u00e7a um pouco mais sobre cada um!<\/strong><\/p>\n<p>O pacote profissional est\u00e1 incluso at\u00e9 150 usu\u00e1rios.<\/p>\n","protected":false},"featured_media":0,"comment_status":"open","ping_status":"closed","template":"","meta":{"_eb_attr":"","_crdt_document":"","_uag_custom_page_level_css":"","site-sidebar-layout":"default","site-content-layout":"default","ast-global-header-display":"","ast-main-header-display":"","ast-hfb-above-header-display":"","ast-hfb-below-header-display":"","ast-hfb-mobile-header-display":"","site-post-title":"","ast-breadcrumbs-content":"","ast-featured-img":"","footer-sml-layout":"","theme-transparent-header-meta":"default","adv-header-id-meta":"","stick-header-meta":"","header-above-stick-meta":"","header-main-stick-meta":"","header-below-stick-meta":""},"product_brand":[],"product_cat":[38],"product_tag":[],"class_list":{"0":"post-655","1":"product","2":"type-product","3":"status-publish","5":"product_cat-sem-categoria","6":"desktop-align-left","7":"tablet-align-left","8":"mobile-align-left","10":"first","11":"instock","12":"shipping-taxable","13":"purchasable","14":"product-type-simple"},"uagb_featured_image_src":{"full":false,"thumbnail":false,"medium":false,"medium_large":false,"large":false,"1536x1536":false,"2048x2048":false,"woocommerce_thumbnail":false,"woocommerce_single":false,"woocommerce_gallery_thumbnail":false},"uagb_author_info":{"display_name":"gustavomleao99","author_link":"https:\/\/100fronteira.com.br\/fetramig\/author\/"},"uagb_comment_info":0,"uagb_excerpt":"Neste pacote de softwares est\u00e1 incluso os seguintes softwares: Gest\u00e3o de Entregas Gest\u00e3o de Anomalias Temperatura Aplicativo Na Estrada Pernoite Custo Adicional Gestor de Canhotos Aplicativo Aprovador Aplicativo Comercial Clique nos nomes dos softwares acima e conhe\u00e7a um pouco mais sobre cada um! O pacote profissional est\u00e1 incluso at\u00e9 150 usu\u00e1rios.","jetpack_sharing_enabled":true,"_links":{"self":[{"href":"https:\/\/100fronteira.com.br\/fetramig\/wp-json\/wp\/v2\/product\/655","targetHints":{"allow":["GET"]}}],"collection":[{"href":"https:\/\/100fronteira.com.br\/fetramig\/wp-json\/wp\/v2\/product"}],"about":[{"href":"https:\/\/100fronteira.com.br\/fetramig\/wp-json\/wp\/v2\/types\/product"}],"replies":[{"embeddable":true,"href":"https:\/\/100fronteira.com.br\/fetramig\/wp-json\/wp\/v2\/comments?post=655"}],"wp:attachment":[{"href":"https:\/\/100fronteira.com.br\/fetramig\/wp-json\/wp\/v2\/media?parent=655"}],"wp:term":[{"taxonomy":"product_brand","embeddable":true,"href":"https:\/\/100fronteira.com.br\/fetramig\/wp-json\/wp\/v2\/product_brand?post=655"},{"taxonomy":"product_cat","embeddable":true,"href":"https:\/\/100fronteira.com.br\/fetramig\/wp-json\/wp\/v2\/product_cat?post=655"},{"taxonomy":"product_tag","embeddable":true,"href":"https:\/\/100fronteira.com.br\/fetramig\/wp-json\/wp\/v2\/product_tag?post=655"}],"curies":[{"name":"wp","href":"https:\/\/api.w.org\/{rel}","templated":true}]}}