{"id":679,"date":"2022-11-04T18:53:04","date_gmt":"2022-11-04T18:53:04","guid":{"rendered":"https:\/\/100fronteira.com.br\/fetramig\/?post_type=product&#038;p=679"},"modified":"2022-12-14T17:19:25","modified_gmt":"2022-12-14T17:19:25","slug":"kit-ravex-hibrido-comodato-ravex-copia","status":"publish","type":"product","link":"https:\/\/100fronteira.com.br\/fetramig\/produto\/kit-ravex-hibrido-comodato-ravex-copia\/","title":{"rendered":"Kit Ravex H\u00edbrido (Comodato) &#8211; Ravex"},"content":{"rendered":"<p><img loading=\"lazy\" decoding=\"async\" class=\"aligncenter size-full wp-image-723\" src=\"https:\/\/100fronteira.com.br\/fetramig\/wp-content\/uploads\/2022\/11\/kit-ravex-hibrido-1.png\" alt=\"\" width=\"1036\" height=\"2045\" srcset=\"https:\/\/100fronteira.com.br\/fetramig\/wp-content\/uploads\/2022\/11\/kit-ravex-hibrido-1.png 1036w, https:\/\/100fronteira.com.br\/fetramig\/wp-content\/uploads\/2022\/11\/kit-ravex-hibrido-1-152x300.png 152w, https:\/\/100fronteira.com.br\/fetramig\/wp-content\/uploads\/2022\/11\/kit-ravex-hibrido-1-519x1024.png 519w, https:\/\/100fronteira.com.br\/fetramig\/wp-content\/uploads\/2022\/11\/kit-ravex-hibrido-1-768x1516.png 768w, https:\/\/100fronteira.com.br\/fetramig\/wp-content\/uploads\/2022\/11\/kit-ravex-hibrido-1-778x1536.png 778w, https:\/\/100fronteira.com.br\/fetramig\/wp-content\/uploads\/2022\/11\/kit-ravex-hibrido-1-800x1579.png 800w\" sizes=\"auto, (max-width: 1036px) 100vw, 1036px\" \/><\/p>\n","protected":false},"excerpt":{"rendered":"<p>Um kit de equipamentos com prote\u00e7\u00e3o contra riscos de n\u00edvel alto, um kit que te garante prote\u00e7\u00e3o alta para opera\u00e7\u00f5es que voc\u00ea administre o trajeto de forma segura e que fique tranquilo para viajar com cargas mais valiosas tamb\u00e9m!<\/p>\n<p>A aquisi\u00e7\u00e3o deste produto est\u00e1 sujeita a comunica\u00e7\u00e3o mensal no valor de R$125,00 <span style=\"font-size: 16px;\">e o comodato do produto por 36 meses.<\/span><\/p>\n<form class=\"cart\" action=\"https:\/\/100fronteira.com.br\/fetramig\/produto\/kit-ravex-basico-comodato-ravex\/\" enctype=\"multipart\/form-data\" method=\"post\">\n<div class=\"quantity\"><\/div>\n<\/form>\n","protected":false},"featured_media":668,"comment_status":"open","ping_status":"closed","template":"","meta":{"_eb_attr":"","_crdt_document":"","_uag_custom_page_level_css":"","site-sidebar-layout":"default","site-content-layout":"default","ast-global-header-display":"","ast-main-header-display":"","ast-hfb-above-header-display":"","ast-hfb-below-header-display":"","ast-hfb-mobile-header-display":"","site-post-title":"","ast-breadcrumbs-content":"","ast-featured-img":"","footer-sml-layout":"","theme-transparent-header-meta":"default","adv-header-id-meta":"","stick-header-meta":"","header-above-stick-meta":"","header-main-stick-meta":"","header-below-stick-meta":""},"product_brand":[],"product_cat":[25,16],"product_tag":[],"class_list":{"0":"post-679","1":"product","2":"type-product","3":"status-publish","4":"has-post-thumbnail","6":"product_cat-equipamentos","7":"product_cat-logistica","8":"desktop-align-left","9":"tablet-align-left","10":"mobile-align-left","12":"first","13":"instock","14":"shipping-taxable","15":"purchasable","16":"product-type-simple"},"uagb_featured_image_src":{"full":["https:\/\/100fronteira.com.br\/fetramig\/wp-content\/uploads\/2022\/11\/Teclado-2.png",800,800,false],"thumbnail":["https:\/\/100fronteira.com.br\/fetramig\/wp-content\/uploads\/2022\/11\/Teclado-2-150x150.png",150,150,true],"medium":["https:\/\/100fronteira.com.br\/fetramig\/wp-content\/uploads\/2022\/11\/Teclado-2-300x300.png",300,300,true],"medium_large":["https:\/\/100fronteira.com.br\/fetramig\/wp-content\/uploads\/2022\/11\/Teclado-2-768x768.png",768,768,true],"large":["https:\/\/100fronteira.com.br\/fetramig\/wp-content\/uploads\/2022\/11\/Teclado-2.png",800,800,false],"1536x1536":["https:\/\/100fronteira.com.br\/fetramig\/wp-content\/uploads\/2022\/11\/Teclado-2.png",800,800,false],"2048x2048":["https:\/\/100fronteira.com.br\/fetramig\/wp-content\/uploads\/2022\/11\/Teclado-2.png",800,800,false],"woocommerce_thumbnail":["https:\/\/100fronteira.com.br\/fetramig\/wp-content\/uploads\/2022\/11\/Teclado-2-300x300.png",300,300,true],"woocommerce_single":["https:\/\/100fronteira.com.br\/fetramig\/wp-content\/uploads\/2022\/11\/Teclado-2.png",800,800,false],"woocommerce_gallery_thumbnail":["https:\/\/100fronteira.com.br\/fetramig\/wp-content\/uploads\/2022\/11\/Teclado-2-100x100.png",100,100,true]},"uagb_author_info":{"display_name":"gustavomleao99","author_link":"https:\/\/100fronteira.com.br\/fetramig\/author\/"},"uagb_comment_info":0,"uagb_excerpt":"Um kit de equipamentos com prote\u00e7\u00e3o contra riscos de n\u00edvel alto, um kit que te garante prote\u00e7\u00e3o alta para opera\u00e7\u00f5es que voc\u00ea administre o trajeto de forma segura e que fique tranquilo para viajar com cargas mais valiosas tamb\u00e9m! A aquisi\u00e7\u00e3o deste produto est\u00e1 sujeita a comunica\u00e7\u00e3o mensal no valor de R$125,00 e o comodato&hellip;","jetpack_sharing_enabled":true,"_links":{"self":[{"href":"https:\/\/100fronteira.com.br\/fetramig\/wp-json\/wp\/v2\/product\/679","targetHints":{"allow":["GET"]}}],"collection":[{"href":"https:\/\/100fronteira.com.br\/fetramig\/wp-json\/wp\/v2\/product"}],"about":[{"href":"https:\/\/100fronteira.com.br\/fetramig\/wp-json\/wp\/v2\/types\/product"}],"replies":[{"embeddable":true,"href":"https:\/\/100fronteira.com.br\/fetramig\/wp-json\/wp\/v2\/comments?post=679"}],"wp:featuredmedia":[{"embeddable":true,"href":"https:\/\/100fronteira.com.br\/fetramig\/wp-json\/wp\/v2\/media\/668"}],"wp:attachment":[{"href":"https:\/\/100fronteira.com.br\/fetramig\/wp-json\/wp\/v2\/media?parent=679"}],"wp:term":[{"taxonomy":"product_brand","embeddable":true,"href":"https:\/\/100fronteira.com.br\/fetramig\/wp-json\/wp\/v2\/product_brand?post=679"},{"taxonomy":"product_cat","embeddable":true,"href":"https:\/\/100fronteira.com.br\/fetramig\/wp-json\/wp\/v2\/product_cat?post=679"},{"taxonomy":"product_tag","embeddable":true,"href":"https:\/\/100fronteira.com.br\/fetramig\/wp-json\/wp\/v2\/product_tag?post=679"}],"curies":[{"name":"wp","href":"https:\/\/api.w.org\/{rel}","templated":true}]}}