{"id":557,"date":"2022-11-22T18:26:39","date_gmt":"2022-11-22T18:26:39","guid":{"rendered":"https:\/\/100fronteira.com.br\/imbilog\/?post_type=product&#038;p=557"},"modified":"2022-11-22T18:27:43","modified_gmt":"2022-11-22T18:27:43","slug":"localizador-para-carreta-lbs-e-gps-gnss-transmissao-rf-positron","status":"publish","type":"product","link":"https:\/\/100fronteira.com.br\/imbilog\/produto\/localizador-para-carreta-lbs-e-gps-gnss-transmissao-rf-positron\/","title":{"rendered":"Localizador para carreta LBS e GPS\/GNSS transmiss\u00e3o RF &#8211; Positron"},"content":{"rendered":"<div>\n<h2>36<\/h2>\n<h3>R$ 93,72<\/h3>\n<\/div>\n<p>&nbsp;<\/p>\n<div>\n<h2>48<\/h2>\n<h3>R$ 90,29<\/h3>\n<\/div>\n","protected":false},"excerpt":{"rendered":"<div id=\"rd-text-l4zpv18b\" class=\"bricks--component bricks--component-text rd-text\">\n<h2>Sua carreta conectada<\/h2>\n<\/div>\n<div id=\"rd-text-l4zpv18c\" class=\"bricks--component bricks--component-text rd-text\">\n<ul>\n<li>Localiza\u00e7\u00e3o LBS e GPS\/ GNSS Transmiss\u00e3o RF: rede 433MHz<\/li>\n<li>Detec\u00e7\u00e3o de jammer GSM\/GPRS;<\/li>\n<li>M\u00f3dulo selado (resistente \u00e0 \u00e1gua);<\/li>\n<li>Parametriza\u00e7\u00f5es via portal (carreta).<\/li>\n<\/ul>\n<\/div>\n","protected":false},"featured_media":596,"comment_status":"open","ping_status":"closed","template":"","meta":{"_eb_attr":"","_uag_custom_page_level_css":"","site-sidebar-layout":"","site-content-layout":"","ast-global-header-display":"","ast-main-header-display":"","ast-hfb-above-header-display":"","ast-hfb-below-header-display":"","ast-hfb-mobile-header-display":"","site-post-title":"","ast-breadcrumbs-content":"","ast-featured-img":"","footer-sml-layout":"","theme-transparent-header-meta":"","adv-header-id-meta":"","stick-header-meta":"","header-above-stick-meta":"","header-main-stick-meta":"","header-below-stick-meta":""},"product_brand":[],"product_cat":[25],"product_tag":[],"class_list":{"0":"post-557","1":"product","2":"type-product","3":"status-publish","4":"has-post-thumbnail","6":"product_cat-equipamentos","8":"first","9":"instock","10":"shipping-taxable","11":"product-type-simple"},"uagb_featured_image_src":{"full":["https:\/\/100fronteira.com.br\/imbilog\/wp-content\/uploads\/2022\/11\/solucao2.png",403,392,false],"thumbnail":["https:\/\/100fronteira.com.br\/imbilog\/wp-content\/uploads\/2022\/11\/solucao2-150x150.png",150,150,true],"medium":["https:\/\/100fronteira.com.br\/imbilog\/wp-content\/uploads\/2022\/11\/solucao2-300x292.png",300,292,true],"medium_large":["https:\/\/100fronteira.com.br\/imbilog\/wp-content\/uploads\/2022\/11\/solucao2.png",403,392,false],"large":["https:\/\/100fronteira.com.br\/imbilog\/wp-content\/uploads\/2022\/11\/solucao2.png",403,392,false],"1536x1536":["https:\/\/100fronteira.com.br\/imbilog\/wp-content\/uploads\/2022\/11\/solucao2.png",403,392,false],"2048x2048":["https:\/\/100fronteira.com.br\/imbilog\/wp-content\/uploads\/2022\/11\/solucao2.png",403,392,false],"woocommerce_thumbnail":["https:\/\/100fronteira.com.br\/imbilog\/wp-content\/uploads\/2022\/11\/solucao2-300x300.png",300,300,true],"woocommerce_single":["https:\/\/100fronteira.com.br\/imbilog\/wp-content\/uploads\/2022\/11\/solucao2.png",403,392,false],"woocommerce_gallery_thumbnail":["https:\/\/100fronteira.com.br\/imbilog\/wp-content\/uploads\/2022\/11\/solucao2-100x100.png",100,100,true]},"uagb_author_info":{"display_name":"admin","author_link":"https:\/\/100fronteira.com.br\/imbilog\/author\/"},"uagb_comment_info":0,"uagb_excerpt":"Sua carreta conectada Localiza\u00e7\u00e3o LBS e GPS\/ GNSS Transmiss\u00e3o RF: rede 433MHz Detec\u00e7\u00e3o de jammer GSM\/GPRS; M\u00f3dulo selado (resistente \u00e0 \u00e1gua); Parametriza\u00e7\u00f5es via portal (carreta).","jetpack_sharing_enabled":true,"_links":{"self":[{"href":"https:\/\/100fronteira.com.br\/imbilog\/wp-json\/wp\/v2\/product\/557","targetHints":{"allow":["GET"]}}],"collection":[{"href":"https:\/\/100fronteira.com.br\/imbilog\/wp-json\/wp\/v2\/product"}],"about":[{"href":"https:\/\/100fronteira.com.br\/imbilog\/wp-json\/wp\/v2\/types\/product"}],"replies":[{"embeddable":true,"href":"https:\/\/100fronteira.com.br\/imbilog\/wp-json\/wp\/v2\/comments?post=557"}],"wp:featuredmedia":[{"embeddable":true,"href":"https:\/\/100fronteira.com.br\/imbilog\/wp-json\/wp\/v2\/media\/596"}],"wp:attachment":[{"href":"https:\/\/100fronteira.com.br\/imbilog\/wp-json\/wp\/v2\/media?parent=557"}],"wp:term":[{"taxonomy":"product_brand","embeddable":true,"href":"https:\/\/100fronteira.com.br\/imbilog\/wp-json\/wp\/v2\/product_brand?post=557"},{"taxonomy":"product_cat","embeddable":true,"href":"https:\/\/100fronteira.com.br\/imbilog\/wp-json\/wp\/v2\/product_cat?post=557"},{"taxonomy":"product_tag","embeddable":true,"href":"https:\/\/100fronteira.com.br\/imbilog\/wp-json\/wp\/v2\/product_tag?post=557"}],"curies":[{"name":"wp","href":"https:\/\/api.w.org\/{rel}","templated":true}]}}