{"id":562,"date":"2022-11-22T18:26:39","date_gmt":"2022-11-22T18:26:39","guid":{"rendered":"https:\/\/100fronteira.com.br\/imbilog\/?post_type=product&#038;p=562"},"modified":"2022-11-22T18:27:46","modified_gmt":"2022-11-22T18:27:46","slug":"grupo-unio-plano-de-saude-premium","status":"publish","type":"product","link":"https:\/\/100fronteira.com.br\/imbilog\/produto\/grupo-unio-plano-de-saude-premium\/","title":{"rendered":"Grupo Unio &#8211; Plano de Sa\u00fade Premium"},"content":{"rendered":"<p>O plano premium consiste na integra\u00e7\u00e3o de um pronto atendimento digital para voc\u00ea de 24 horas durante os 7 dias da semana, descontos em farm\u00e1cias, um clube de vantagens incr\u00edvel, plano Odontol\u00f3gico, Seguro de vida e acidentes pessoais e muita comodidade e facilidade para o atendimento e agendamento.<\/p>\n","protected":false},"excerpt":{"rendered":"<p>Servi\u00e7os:<\/p>\n<ul>\n<li><strong>Telemedicina<\/strong><strong>: <\/strong>Pronto Atendimento Digital &#8211; Atendimento m\u00e9dico digital 24 (vinte e quatro) horas por dia, 7 (sete) dias por semana em todo pa\u00eds, por v\u00eddeo chamada, sendo um verdadeiro ambulat\u00f3rio \u00e0 dist\u00e2ncia. Com emiss\u00e3o de receitas, atestados, laudos e exames m\u00e9dicos. Basta apenas ter um computador, smartphones, tablet e que tenha acesso a internet.<\/li>\n<li><strong>Agendamento: <\/strong>Basta ligar para o 0800, WhatsApp ou utilizar o APP, solicitar o especialista desejado, a melhor localidade, e n\u00f3s iremos retornar no prazo m\u00e1ximo de 72 horas, para informar o profissional dispon\u00edvel e que melhor se encaixe na solicita\u00e7\u00e3o. Rede de atendimento livre &#8211; Atendimento de segunda \u00e0 sexta &#8211; feira das 8h \u00e0s 17h.<\/li>\n<li><strong>Plano odontol\u00f3gico: <\/strong>O plano Odontol\u00f3gico da Unio Group oferece cobertura integral para todos os procedimentos (<strong>Pr\u00f3teses Urg\u00eancia\/Emerg\u00eancia Periodontia Radiologia Preven\u00e7\u00e3o Cirurgia Dent\u00edstica Endodontia Odontopediatria Diagn\u00f3stico<\/strong>) do Rol ANS (Ag\u00eancia Nacional de Sa\u00fade Suplementar)<\/li>\n<li><strong>Rede de atendimento: <\/strong>As redes de atendimento s\u00e3o livres, atendem em todo territ\u00f3rio nacional! Confira esses e outros estados, atrav\u00e9s do site: <a href=\"http:\/\/uniogroup.com.br\/\">http:\/\/uniogroup.com.br\/<\/a><\/li>\n<li><strong>Desconto em medicamento: <\/strong>Desconto de no m\u00ednimo 20%, em medicamento nas redes de farm\u00e1cias credenciadas que fazem parte do nosso Clube de Vantagens.<\/li>\n<li><strong>Seguro de vida \u2013 Acidentes pessoais: <\/strong>No falecimento ou invalidez total\/parcial por acidente do titular do contrato, a fam\u00edlia receber\u00e1 uma indeniza\u00e7\u00e3o de at\u00e9 R$ 20.000,00 No falecimento por acidente do titular, c\u00f4njuge ou filhos at\u00e9 21 anos, a fam\u00edlia ter\u00e1 direito ao aux\u00edlio funeral por acidente de at\u00e9 R$ 6.000,00.<\/li>\n<li><strong>App WEB<\/strong>: Atrav\u00e9s do nosso App Web, voc\u00ea tem todos os nossos servi\u00e7os com acesso em um \u00fanico lugar. Ao seu cart\u00e3o virtual, descontos em farm\u00e1cias, clube de vantagens e \u00e1 todos os benef\u00edcios, na palma da sua m\u00e3o.<\/li>\n<li><strong>Clube de vantagens:<\/strong> Dispon\u00edvel no nosso APP, o cliente tamb\u00e9m poder\u00e1 usufruir de benef\u00edcios como: compra de produtos, educa\u00e7\u00e3o, lazer e alimenta\u00e7\u00e3o, em sites parceiros como; <strong>CNA, NetShoes, Hc Pneus, Magalu, Renner, Domino\u2019s Pizza, English Live, entre outros..<\/strong><\/li>\n<\/ul>\n","protected":false},"featured_media":601,"comment_status":"open","ping_status":"closed","template":"","meta":{"_eb_attr":"","_uag_custom_page_level_css":"","site-sidebar-layout":"default","site-content-layout":"default","ast-global-header-display":"","ast-main-header-display":"","ast-hfb-above-header-display":"","ast-hfb-below-header-display":"","ast-hfb-mobile-header-display":"","site-post-title":"","ast-breadcrumbs-content":"","ast-featured-img":"","footer-sml-layout":"","theme-transparent-header-meta":"default","adv-header-id-meta":"","stick-header-meta":"","header-above-stick-meta":"","header-main-stick-meta":"","header-below-stick-meta":""},"product_brand":[],"product_cat":[24],"product_tag":[],"class_list":{"0":"post-562","1":"product","2":"type-product","3":"status-publish","4":"has-post-thumbnail","6":"product_cat-saude","8":"first","9":"instock","10":"shipping-taxable","11":"purchasable","12":"product-type-simple"},"uagb_featured_image_src":{"full":["https:\/\/100fronteira.com.br\/imbilog\/wp-content\/uploads\/2022\/11\/seguro-transpo-6.jpg",800,800,false],"thumbnail":["https:\/\/100fronteira.com.br\/imbilog\/wp-content\/uploads\/2022\/11\/seguro-transpo-6-150x150.jpg",150,150,true],"medium":["https:\/\/100fronteira.com.br\/imbilog\/wp-content\/uploads\/2022\/11\/seguro-transpo-6-300x300.jpg",300,300,true],"medium_large":["https:\/\/100fronteira.com.br\/imbilog\/wp-content\/uploads\/2022\/11\/seguro-transpo-6-768x768.jpg",768,768,true],"large":["https:\/\/100fronteira.com.br\/imbilog\/wp-content\/uploads\/2022\/11\/seguro-transpo-6.jpg",800,800,false],"1536x1536":["https:\/\/100fronteira.com.br\/imbilog\/wp-content\/uploads\/2022\/11\/seguro-transpo-6.jpg",800,800,false],"2048x2048":["https:\/\/100fronteira.com.br\/imbilog\/wp-content\/uploads\/2022\/11\/seguro-transpo-6.jpg",800,800,false],"woocommerce_thumbnail":["https:\/\/100fronteira.com.br\/imbilog\/wp-content\/uploads\/2022\/11\/seguro-transpo-6-300x300.jpg",300,300,true],"woocommerce_single":["https:\/\/100fronteira.com.br\/imbilog\/wp-content\/uploads\/2022\/11\/seguro-transpo-6.jpg",800,800,false],"woocommerce_gallery_thumbnail":["https:\/\/100fronteira.com.br\/imbilog\/wp-content\/uploads\/2022\/11\/seguro-transpo-6-100x100.jpg",100,100,true]},"uagb_author_info":{"display_name":"admin","author_link":"https:\/\/100fronteira.com.br\/imbilog\/author\/"},"uagb_comment_info":0,"uagb_excerpt":"Servi\u00e7os: Telemedicina: Pronto Atendimento Digital - Atendimento m\u00e9dico digital 24 (vinte e quatro) horas por dia, 7 (sete) dias por semana em todo pa\u00eds, por v\u00eddeo chamada, sendo um verdadeiro ambulat\u00f3rio \u00e0 dist\u00e2ncia. Com emiss\u00e3o de receitas, atestados, laudos e exames m\u00e9dicos. Basta apenas ter um computador, smartphones, tablet e que tenha acesso a internet.&hellip;","jetpack_sharing_enabled":true,"_links":{"self":[{"href":"https:\/\/100fronteira.com.br\/imbilog\/wp-json\/wp\/v2\/product\/562","targetHints":{"allow":["GET"]}}],"collection":[{"href":"https:\/\/100fronteira.com.br\/imbilog\/wp-json\/wp\/v2\/product"}],"about":[{"href":"https:\/\/100fronteira.com.br\/imbilog\/wp-json\/wp\/v2\/types\/product"}],"replies":[{"embeddable":true,"href":"https:\/\/100fronteira.com.br\/imbilog\/wp-json\/wp\/v2\/comments?post=562"}],"wp:featuredmedia":[{"embeddable":true,"href":"https:\/\/100fronteira.com.br\/imbilog\/wp-json\/wp\/v2\/media\/601"}],"wp:attachment":[{"href":"https:\/\/100fronteira.com.br\/imbilog\/wp-json\/wp\/v2\/media?parent=562"}],"wp:term":[{"taxonomy":"product_brand","embeddable":true,"href":"https:\/\/100fronteira.com.br\/imbilog\/wp-json\/wp\/v2\/product_brand?post=562"},{"taxonomy":"product_cat","embeddable":true,"href":"https:\/\/100fronteira.com.br\/imbilog\/wp-json\/wp\/v2\/product_cat?post=562"},{"taxonomy":"product_tag","embeddable":true,"href":"https:\/\/100fronteira.com.br\/imbilog\/wp-json\/wp\/v2\/product_tag?post=562"}],"curies":[{"name":"wp","href":"https:\/\/api.w.org\/{rel}","templated":true}]}}