{"id":563,"date":"2022-11-22T18:26:40","date_gmt":"2022-11-22T18:26:40","guid":{"rendered":"https:\/\/100fronteira.com.br\/imbilog\/?post_type=product&#038;p=563"},"modified":"2022-11-22T18:27:51","modified_gmt":"2022-11-22T18:27:51","slug":"imobilizador-inteligente-comodato","status":"publish","type":"product","link":"https:\/\/100fronteira.com.br\/imbilog\/produto\/imobilizador-inteligente-comodato\/","title":{"rendered":"Imobilizador Inteligente (Comodato)"},"content":{"rendered":"<p>O bloqueador tem conex\u00e3o com o seu rastreador e garante a seguran\u00e7a do seu ve\u00edculo atrav\u00e9s de m\u00faltiplos pontos de bloqueios; bloqueios progressivos, dimens\u00f5es reduzidas, intelig\u00eancia de conex\u00e3o, wireless integrado e por aplicativo.<\/p>\n","protected":false},"excerpt":{"rendered":"<ul>\n<li><strong>M\u00faltiplo bloqueios:<\/strong> Existem m\u00faltiplos pontos de bloqueio espalhados pelo ve\u00edculo, conectados de forma sem-fio para garantir a imobiliza\u00e7\u00e3o do ve\u00edculo<\/li>\n<li><strong>Bloqueios progressivos:<\/strong> Essa fun\u00e7\u00e3o serve para gerar um bloqueio progressivo para simular uma pane no sistema do ve\u00edculo.<\/li>\n<li><strong>Dimens\u00f5es reduzidas: <\/strong>O\u00a0equipamento compacto foi elaborado de forma estrat\u00e9gica para se camuflar conforme o ve\u00edculo, garantindo uma prote\u00e7\u00e3o extra contra a percep\u00e7\u00e3o indesejada<\/li>\n<li><strong>Intelig\u00eancia de conex\u00e3o:<\/strong> O poder de compatibilidade desse bloqueado, possibilita a conex\u00e3o com diversos outros tipos de rastreadores tamb\u00e9m<\/li>\n<li><strong>Wireless integrado:<\/strong> Com a fun\u00e7\u00e3o wireless integrado te permite realizar o desbloqueio por meio de qualquer smartphone, atrav\u00e9s de uma senha criptografada gerada exclusivamente para o seu equipamento.<\/li>\n<li><strong>Aplicativo:<\/strong> Nosso equipamento permite a conex\u00e3o ao equipamento sem a necessidade de desbloqueio, al\u00e9m de conseguir identificar o motivo do bloqueio, voc\u00ea consegue verificar se teve a a\u00e7\u00e3o do Jamer, viola\u00e7\u00e3o do painel e outras situa\u00e7\u00f5es suspeitas<\/li>\n<\/ul>\n<p>(A compra e uso do equipamento por comodato est\u00e1 sujeita a mensalidade de R$ 69,90)<\/p>\n","protected":false},"featured_media":602,"comment_status":"open","ping_status":"closed","template":"","meta":{"_eb_attr":"","_uag_custom_page_level_css":"","site-sidebar-layout":"","site-content-layout":"","ast-global-header-display":"","ast-main-header-display":"","ast-hfb-above-header-display":"","ast-hfb-below-header-display":"","ast-hfb-mobile-header-display":"","site-post-title":"","ast-breadcrumbs-content":"","ast-featured-img":"","footer-sml-layout":"","theme-transparent-header-meta":"","adv-header-id-meta":"","stick-header-meta":"","header-above-stick-meta":"","header-main-stick-meta":"","header-below-stick-meta":""},"product_brand":[],"product_cat":[25],"product_tag":[],"class_list":{"0":"post-563","1":"product","2":"type-product","3":"status-publish","4":"has-post-thumbnail","6":"product_cat-equipamentos","8":"first","9":"instock","10":"shipping-taxable","11":"purchasable","12":"product-type-simple"},"uagb_featured_image_src":{"full":["https:\/\/100fronteira.com.br\/imbilog\/wp-content\/uploads\/2022\/11\/WhatsApp-Image-2022-07-20-at-13.57.46.jpeg",1600,1066,false],"thumbnail":["https:\/\/100fronteira.com.br\/imbilog\/wp-content\/uploads\/2022\/11\/WhatsApp-Image-2022-07-20-at-13.57.46-150x150.jpeg",150,150,true],"medium":["https:\/\/100fronteira.com.br\/imbilog\/wp-content\/uploads\/2022\/11\/WhatsApp-Image-2022-07-20-at-13.57.46-300x200.jpeg",300,200,true],"medium_large":["https:\/\/100fronteira.com.br\/imbilog\/wp-content\/uploads\/2022\/11\/WhatsApp-Image-2022-07-20-at-13.57.46-768x512.jpeg",768,512,true],"large":["https:\/\/100fronteira.com.br\/imbilog\/wp-content\/uploads\/2022\/11\/WhatsApp-Image-2022-07-20-at-13.57.46-1024x682.jpeg",1024,682,true],"1536x1536":["https:\/\/100fronteira.com.br\/imbilog\/wp-content\/uploads\/2022\/11\/WhatsApp-Image-2022-07-20-at-13.57.46-1536x1023.jpeg",1536,1023,true],"2048x2048":["https:\/\/100fronteira.com.br\/imbilog\/wp-content\/uploads\/2022\/11\/WhatsApp-Image-2022-07-20-at-13.57.46.jpeg",1600,1066,false],"woocommerce_thumbnail":["https:\/\/100fronteira.com.br\/imbilog\/wp-content\/uploads\/2022\/11\/WhatsApp-Image-2022-07-20-at-13.57.46-300x300.jpeg",300,300,true],"woocommerce_single":["https:\/\/100fronteira.com.br\/imbilog\/wp-content\/uploads\/2022\/11\/WhatsApp-Image-2022-07-20-at-13.57.46-800x533.jpeg",800,533,true],"woocommerce_gallery_thumbnail":["https:\/\/100fronteira.com.br\/imbilog\/wp-content\/uploads\/2022\/11\/WhatsApp-Image-2022-07-20-at-13.57.46-100x100.jpeg",100,100,true]},"uagb_author_info":{"display_name":"admin","author_link":"https:\/\/100fronteira.com.br\/imbilog\/author\/"},"uagb_comment_info":0,"uagb_excerpt":"M\u00faltiplo bloqueios: Existem m\u00faltiplos pontos de bloqueio espalhados pelo ve\u00edculo, conectados de forma sem-fio para garantir a imobiliza\u00e7\u00e3o do ve\u00edculo Bloqueios progressivos: Essa fun\u00e7\u00e3o serve para gerar um bloqueio progressivo para simular uma pane no sistema do ve\u00edculo. Dimens\u00f5es reduzidas: O\u00a0equipamento compacto foi elaborado de forma estrat\u00e9gica para se camuflar conforme o ve\u00edculo, garantindo uma&hellip;","jetpack_sharing_enabled":true,"_links":{"self":[{"href":"https:\/\/100fronteira.com.br\/imbilog\/wp-json\/wp\/v2\/product\/563","targetHints":{"allow":["GET"]}}],"collection":[{"href":"https:\/\/100fronteira.com.br\/imbilog\/wp-json\/wp\/v2\/product"}],"about":[{"href":"https:\/\/100fronteira.com.br\/imbilog\/wp-json\/wp\/v2\/types\/product"}],"replies":[{"embeddable":true,"href":"https:\/\/100fronteira.com.br\/imbilog\/wp-json\/wp\/v2\/comments?post=563"}],"wp:featuredmedia":[{"embeddable":true,"href":"https:\/\/100fronteira.com.br\/imbilog\/wp-json\/wp\/v2\/media\/602"}],"wp:attachment":[{"href":"https:\/\/100fronteira.com.br\/imbilog\/wp-json\/wp\/v2\/media?parent=563"}],"wp:term":[{"taxonomy":"product_brand","embeddable":true,"href":"https:\/\/100fronteira.com.br\/imbilog\/wp-json\/wp\/v2\/product_brand?post=563"},{"taxonomy":"product_cat","embeddable":true,"href":"https:\/\/100fronteira.com.br\/imbilog\/wp-json\/wp\/v2\/product_cat?post=563"},{"taxonomy":"product_tag","embeddable":true,"href":"https:\/\/100fronteira.com.br\/imbilog\/wp-json\/wp\/v2\/product_tag?post=563"}],"curies":[{"name":"wp","href":"https:\/\/api.w.org\/{rel}","templated":true}]}}