{"id":572,"date":"2022-11-22T18:26:40","date_gmt":"2022-11-22T18:26:40","guid":{"rendered":"https:\/\/100fronteira.com.br\/imbilog\/?post_type=product&#038;p=572"},"modified":"2022-11-22T18:27:58","modified_gmt":"2022-11-22T18:27:58","slug":"credito-para-veiculos-financeira-bv","status":"publish","type":"product","link":"https:\/\/100fronteira.com.br\/imbilog\/produto\/credito-para-veiculos-financeira-bv\/","title":{"rendered":"Cr\u00e9dito para ve\u00edculos &#8211; Financeira BV"},"content":{"rendered":"<div class=\"cms-app-col-xs-12 cms-app-d-xs-none cms-app-d-sm-block\">\n<div class=\"app-text-NgMz5\">\n<h1 class=\"text-size-2 text-color-primary\">Fa\u00e7a uma simula\u00e7\u00e3o e financie seu ve\u00edculo com quem mais entende do assunto<\/h1>\n<\/div>\n<\/div>\n<div class=\"cms-app-col-xs-12 cms-app-col-sm-12 cms-app-col-md-12\">\n<div class=\"app-text-NgMz5\">\n<p>Aqui voc\u00ea pode simular as condi\u00e7\u00f5es que cabem no seu bolso e ainda conquistar seu carro com o BV, um banco que se preocupa com o meio ambiente e \u00e9 o \u00fanico a neutralizar todos os poluentes emitidos pelos carros que financia!<\/p>\n<\/div>\n<div class=\"caroussel nav-default compact\">\n<div class=\"swiper-container swiper-container-initialized swiper-container-horizontal swiper-container-pointer-events\">\n<div class=\"swiper-wrapper\">\n<div class=\"swiper-slide swiper-slide-active\" data-swiper-slide-index=\"0\">\n<div class=\"cms-app-row\">\n<div class=\"cms-app-col-xs-12 cms-app-col-sm-12\">\n<div class=\"app-text-NgMz5\">\n<div class=\"portable-paragraph flex-area\">\n<div class=\"text-item\">\n<h4>Vai comprar de uma loja ou concession\u00e1ria?<\/h4>\n<p>Os profissionais que trabalham em nossas lojas parceiras v\u00e3o te apoiar durante toda a contrata\u00e7\u00e3o do financiamento, que poder\u00e1 ser assinada digitalmente! Com o contrato pronto, voc\u00ea acompanha as parcelas e tudo sobre seu financiamento direto pelo nosso app!<\/p>\n<\/div>\n<\/div>\n<div class=\"portable-paragraph flex-area\">\n<div class=\"text-item\">\n<h4>Prefere comprar de uma pessoa f\u00edsica?<\/h4>\n<p>Nesse caso, um especialista do nosso time te acompanha da negocia\u00e7\u00e3o at\u00e9 o pagamento e entrega do carro, transmitindo confian\u00e7a e garantindo que o momento seja tranquilo tanto para o comprador, como para o vendedor.<\/p>\n<p>&nbsp;<\/p>\n<div>\n<h1>Voc\u00ea escolhe o ve\u00edculo e a gente financia!<\/h1>\n<p>&nbsp;<\/p>\n<\/div>\n<div>\n<div>\n<h2>Conhe\u00e7a as vantagens de financiar com o banco BV<\/h2>\n<p>&nbsp;<\/p>\n<\/div>\n<div>\n<div>\n<div>\n<div>\n<div>\n<div>\n<div>\n<div>\n<h3>Compensa\u00e7\u00e3o de CO\u2082<\/h3>\n<p>Com o Sempre Compensa, nos tornamos o \u00fanico banco que compensa 100% do CO\u2082 emitido pelos ve\u00edculos financiados.<\/p>\n<\/div>\n<\/div>\n<\/div>\n<\/div>\n<\/div>\n<\/div>\n<div>\n<div>\n<div>\n<div>\n<div>\n<div><\/div>\n<div><\/div>\n<div>\n<h3>Op\u00e7\u00f5es de escolha<\/h3>\n<p>Voc\u00ea pode financiar carros novos ou usados, vendidos por uma loja ou direto com o propriet\u00e1rio.<\/p>\n<\/div>\n<\/div>\n<\/div>\n<\/div>\n<\/div>\n<\/div>\n<\/div>\n<div>\n<div>\n<div><\/div>\n<\/div>\n<\/div>\n<div>\n<div>\n<div>\n<div>\n<div>\n<div>\n<div><\/div>\n<div><\/div>\n<div>\n<h3>Parcelas fixas<\/h3>\n<p>As parcelas s\u00e3o fixas e definidas por voc\u00ea no momento da contrata\u00e7\u00e3o. Assim, voc\u00ea sempre sabe exatamente quanto vai pagar.<\/p>\n<\/div>\n<\/div>\n<\/div>\n<\/div>\n<\/div>\n<\/div>\n<div>\n<div>\n<div>\n<div>\n<div>\n<div><\/div>\n<div><\/div>\n<div>\n<h3>Prazos flex\u00edveis<\/h3>\n<p>\u00c9 voc\u00ea quem escolhe a dura\u00e7\u00e3o do seu contrato! Ele pode ter de 3 a 60 meses e voc\u00ea pode antecipar parcelas ou quit\u00e1-lo quando quiser.<\/p>\n<\/div>\n<\/div>\n<\/div>\n<\/div>\n<\/div>\n<\/div>\n<div>\n<div>\n<div>\n<div>\n<div>\n<div><\/div>\n<div><\/div>\n<div>\n<h3><span style=\"font-size: small;\">Op\u00e7\u00e3o de financiamento de carro el\u00e9trico e h\u00edbrido<\/span><\/h3>\n<p>Aqui voc\u00ea pode financiar um carro el\u00e9trico ou h\u00edbrido. Seja ele novo ou usado, com o BV voc\u00ea consegue!<\/p>\n<p>Juntos, podemos contribuir para um futuro mais leve e sustent\u00e1vel.<\/p>\n<\/div>\n<\/div>\n<\/div>\n<\/div>\n<\/div>\n<\/div>\n<\/div>\n<\/div>\n<\/div>\n<p>&nbsp;<\/p>\n<\/div>\n<\/div>\n<\/div>\n<\/div>\n<\/div>\n<\/div>\n<\/div>\n<\/div>\n<\/div>\n<\/div>\n","protected":false},"excerpt":{"rendered":"<p>Financie seu sonho j\u00e1!<\/p>\n<p><a href=\"http:\/\/https:\/\/www.youtube.com\/watch?v=Jeq_6b-4onk\">Assista nosso v\u00eddeo institucional<\/a><\/p>\n","protected":false},"featured_media":610,"comment_status":"open","ping_status":"closed","template":"","meta":{"_eb_attr":"","_uag_custom_page_level_css":"","site-sidebar-layout":"default","site-content-layout":"default","ast-global-header-display":"","ast-main-header-display":"","ast-hfb-above-header-display":"","ast-hfb-below-header-display":"","ast-hfb-mobile-header-display":"","site-post-title":"","ast-breadcrumbs-content":"","ast-featured-img":"","footer-sml-layout":"","theme-transparent-header-meta":"default","adv-header-id-meta":"","stick-header-meta":"","header-above-stick-meta":"","header-main-stick-meta":"","header-below-stick-meta":""},"product_brand":[],"product_cat":[34],"product_tag":[],"class_list":{"0":"post-572","1":"product","2":"type-product","3":"status-publish","4":"has-post-thumbnail","6":"product_cat-precisando-de-dinheiro","8":"first","9":"instock","10":"shipping-taxable","11":"product-type-external"},"uagb_featured_image_src":{"full":["https:\/\/100fronteira.com.br\/imbilog\/wp-content\/uploads\/2022\/11\/banco-bv.png",800,800,false],"thumbnail":["https:\/\/100fronteira.com.br\/imbilog\/wp-content\/uploads\/2022\/11\/banco-bv-150x150.png",150,150,true],"medium":["https:\/\/100fronteira.com.br\/imbilog\/wp-content\/uploads\/2022\/11\/banco-bv-300x300.png",300,300,true],"medium_large":["https:\/\/100fronteira.com.br\/imbilog\/wp-content\/uploads\/2022\/11\/banco-bv-768x768.png",768,768,true],"large":["https:\/\/100fronteira.com.br\/imbilog\/wp-content\/uploads\/2022\/11\/banco-bv.png",800,800,false],"1536x1536":["https:\/\/100fronteira.com.br\/imbilog\/wp-content\/uploads\/2022\/11\/banco-bv.png",800,800,false],"2048x2048":["https:\/\/100fronteira.com.br\/imbilog\/wp-content\/uploads\/2022\/11\/banco-bv.png",800,800,false],"woocommerce_thumbnail":["https:\/\/100fronteira.com.br\/imbilog\/wp-content\/uploads\/2022\/11\/banco-bv-300x300.png",300,300,true],"woocommerce_single":["https:\/\/100fronteira.com.br\/imbilog\/wp-content\/uploads\/2022\/11\/banco-bv.png",800,800,false],"woocommerce_gallery_thumbnail":["https:\/\/100fronteira.com.br\/imbilog\/wp-content\/uploads\/2022\/11\/banco-bv-100x100.png",100,100,true]},"uagb_author_info":{"display_name":"admin","author_link":"https:\/\/100fronteira.com.br\/imbilog\/author\/"},"uagb_comment_info":0,"uagb_excerpt":"Financie seu sonho j\u00e1! Assista nosso v\u00eddeo institucional","jetpack_sharing_enabled":true,"_links":{"self":[{"href":"https:\/\/100fronteira.com.br\/imbilog\/wp-json\/wp\/v2\/product\/572","targetHints":{"allow":["GET"]}}],"collection":[{"href":"https:\/\/100fronteira.com.br\/imbilog\/wp-json\/wp\/v2\/product"}],"about":[{"href":"https:\/\/100fronteira.com.br\/imbilog\/wp-json\/wp\/v2\/types\/product"}],"replies":[{"embeddable":true,"href":"https:\/\/100fronteira.com.br\/imbilog\/wp-json\/wp\/v2\/comments?post=572"}],"wp:featuredmedia":[{"embeddable":true,"href":"https:\/\/100fronteira.com.br\/imbilog\/wp-json\/wp\/v2\/media\/610"}],"wp:attachment":[{"href":"https:\/\/100fronteira.com.br\/imbilog\/wp-json\/wp\/v2\/media?parent=572"}],"wp:term":[{"taxonomy":"product_brand","embeddable":true,"href":"https:\/\/100fronteira.com.br\/imbilog\/wp-json\/wp\/v2\/product_brand?post=572"},{"taxonomy":"product_cat","embeddable":true,"href":"https:\/\/100fronteira.com.br\/imbilog\/wp-json\/wp\/v2\/product_cat?post=572"},{"taxonomy":"product_tag","embeddable":true,"href":"https:\/\/100fronteira.com.br\/imbilog\/wp-json\/wp\/v2\/product_tag?post=572"}],"curies":[{"name":"wp","href":"https:\/\/api.w.org\/{rel}","templated":true}]}}