{"id":588,"date":"2022-11-22T18:27:18","date_gmt":"2022-11-22T18:27:18","guid":{"rendered":"https:\/\/100fronteira.com.br\/imbilog\/?post_type=product&#038;p=588"},"modified":"2022-11-22T18:28:26","modified_gmt":"2022-11-22T18:28:26","slug":"seguro-transportador-damaceno-seguros","status":"publish","type":"product","link":"https:\/\/100fronteira.com.br\/imbilog\/produto\/seguro-transportador-damaceno-seguros\/","title":{"rendered":"Seguro Transportador &#8211; Damaceno Seguros"},"content":{"rendered":"<p>Sobre a Damaceno Seguros<\/p>\n<p>Somos uma corretora de seguro especialista em seguro de transportes nacionais e internacionais. Trabalhamos com as principais seguradoras que atuam neste segmento, podendo oferecer condi\u00e7\u00f5es e taxas especiais para garantir a seguran\u00e7a da sua carga.<\/p>\n<p>Com a Damaceno Corretora de Seguros, clientes se sentem totalmente protegidos, voc\u00ea encontrar\u00e1 profissionais competentes e comprometidos em lhe oferecer todas as informa\u00e7\u00f5es necess\u00e1rias para efetuar a contrata\u00e7\u00e3o e administra\u00e7\u00e3o de seus bens segurados.<\/p>\n<p>Temos a miss\u00e3o de conhecer as necessidades e entender com excel\u00eancia os nossos clientes, inovando e oferecendo sempre as melhores solu\u00e7\u00f5es em seguros, produtos e servi\u00e7os<\/p>\n","protected":false},"excerpt":{"rendered":"<h1><\/h1>\n<p><!--more--><\/p>\n<h1>Sua carga protegida por toda estrada!<\/h1>\n<p>Garante os bens transportados, contra os riscos que est\u00e3o sujeitos durante a viagem segurada, podendo, ainda, a cobertura ser estendida a perman\u00eancia das mercadorias em armaz\u00e9ns. Levam em conta os meios de transportes utilizados:<\/p>\n<p><strong>Terrestres:\u00a0<\/strong>Relativos \u00e1s viagens feitas por rodovias e\/ou ferrovias.<\/p>\n<p><strong>Aquavi\u00e1rios:<\/strong> compreendem as viagens mar\u00edtimas nacionais, denominadas de cabotagem, as viagens mar\u00edtimas internacionais, e as viagens fluviais (rios) e\/ou lacustres (lagos e lagoas)<\/p>\n<p><strong>A\u00e9reos:<\/strong> Abrange as viagens efetuadas entre aeroportos, podendo incluir os percursos preliminares ou completamente por outros meios.<\/p>\n<p><strong>Seguro de Transportes Internacionais<\/strong><\/p>\n<p>Garante os bens transportados, contra os riscos que est\u00e3o sujeitos durante a viagem segurada, podendo, ainda, a cobertura ser estendida a perman\u00eancia das mercadorias em armaz\u00e9ns. Levam em conta os meios de transportes utilizados:<\/p>\n<p><strong>Exporta\u00e7\u00e3o<\/strong><br \/>\nMercadorias produzidas no pr\u00f3prio pa\u00eds (ou seja, a venda de mercadorias para outros pa\u00edses).<\/p>\n<p><strong>Importa\u00e7\u00e3o<\/strong><br \/>\nMercadorias procedentes de outros pa\u00edses para Brasil.<\/p>\n<p><strong>Coberturas b\u00e1sicas<\/strong><br \/>\nS\u00e3o 32 coberturas b\u00e1sicas, as quais variam em fun\u00e7\u00e3o dos riscos cobertos e\/ou mercadorias ou bem transportados, exemplo:<br \/>\n&#8211; Cobertura b\u00e1sica restrita C;<br \/>\n&#8211; Cobertura b\u00e1sica restrita B;<br \/>\n&#8211; Cobertura Ampla A;<\/p>\n<p><strong>Seguro de Transportador<\/strong><\/p>\n<p><strong>RCTR-C<\/strong><br \/>\nSeguro obrigat\u00f3rio de responsabilidade civil do transportador rodovi\u00e1rio de carga.<\/p>\n<p><strong>Riscos Cobertos<\/strong><br \/>\nPerdas e danos sofridos pelos bens ou mercadorias de terceiros entregues para o transporte, contra a emiss\u00e3o de conhecimento de embarque, diretamente causados por:<br \/>\nColis\u00e3o e\/ou capotagem e\/ou abalroamento e\/ou tombamento do ve\u00edculo transportador; Inc\u00eandio ou explos\u00e3o do ve\u00edculo transportador.<\/p>\n<p><strong>DC<\/strong><br \/>\nSeguro facultativo de responsabilidade civil do transportador rodovi\u00e1rio por desaparecimento de carga.<\/p>\n","protected":false},"featured_media":642,"comment_status":"open","ping_status":"closed","template":"","meta":{"_eb_attr":"","_uag_custom_page_level_css":"","site-sidebar-layout":"default","site-content-layout":"default","ast-global-header-display":"","ast-main-header-display":"","ast-hfb-above-header-display":"","ast-hfb-below-header-display":"","ast-hfb-mobile-header-display":"","site-post-title":"","ast-breadcrumbs-content":"","ast-featured-img":"","footer-sml-layout":"","theme-transparent-header-meta":"default","adv-header-id-meta":"","stick-header-meta":"","header-above-stick-meta":"","header-main-stick-meta":"","header-below-stick-meta":""},"product_brand":[],"product_cat":[32],"product_tag":[],"class_list":{"0":"post-588","1":"product","2":"type-product","3":"status-publish","4":"has-post-thumbnail","6":"product_cat-seguros","8":"first","9":"instock","10":"shipping-taxable","11":"product-type-simple"},"uagb_featured_image_src":{"full":["https:\/\/100fronteira.com.br\/imbilog\/wp-content\/uploads\/2022\/11\/seguro-transpo.png",800,800,false],"thumbnail":["https:\/\/100fronteira.com.br\/imbilog\/wp-content\/uploads\/2022\/11\/seguro-transpo-150x150.png",150,150,true],"medium":["https:\/\/100fronteira.com.br\/imbilog\/wp-content\/uploads\/2022\/11\/seguro-transpo-300x300.png",300,300,true],"medium_large":["https:\/\/100fronteira.com.br\/imbilog\/wp-content\/uploads\/2022\/11\/seguro-transpo-768x768.png",768,768,true],"large":["https:\/\/100fronteira.com.br\/imbilog\/wp-content\/uploads\/2022\/11\/seguro-transpo.png",800,800,false],"1536x1536":["https:\/\/100fronteira.com.br\/imbilog\/wp-content\/uploads\/2022\/11\/seguro-transpo.png",800,800,false],"2048x2048":["https:\/\/100fronteira.com.br\/imbilog\/wp-content\/uploads\/2022\/11\/seguro-transpo.png",800,800,false],"woocommerce_thumbnail":["https:\/\/100fronteira.com.br\/imbilog\/wp-content\/uploads\/2022\/11\/seguro-transpo-300x300.png",300,300,true],"woocommerce_single":["https:\/\/100fronteira.com.br\/imbilog\/wp-content\/uploads\/2022\/11\/seguro-transpo.png",800,800,false],"woocommerce_gallery_thumbnail":["https:\/\/100fronteira.com.br\/imbilog\/wp-content\/uploads\/2022\/11\/seguro-transpo-100x100.png",100,100,true]},"uagb_author_info":{"display_name":"admin","author_link":"https:\/\/100fronteira.com.br\/imbilog\/author\/"},"uagb_comment_info":0,"uagb_excerpt":"Sua carga protegida por toda estrada! Garante os bens transportados, contra os riscos que est\u00e3o sujeitos durante a viagem segurada, podendo, ainda, a cobertura ser estendida a perman\u00eancia das mercadorias em armaz\u00e9ns. Levam em conta os meios de transportes utilizados: Terrestres:\u00a0Relativos \u00e1s viagens feitas por rodovias e\/ou ferrovias. Aquavi\u00e1rios: compreendem as viagens mar\u00edtimas nacionais, denominadas&hellip;","jetpack_sharing_enabled":true,"_links":{"self":[{"href":"https:\/\/100fronteira.com.br\/imbilog\/wp-json\/wp\/v2\/product\/588","targetHints":{"allow":["GET"]}}],"collection":[{"href":"https:\/\/100fronteira.com.br\/imbilog\/wp-json\/wp\/v2\/product"}],"about":[{"href":"https:\/\/100fronteira.com.br\/imbilog\/wp-json\/wp\/v2\/types\/product"}],"replies":[{"embeddable":true,"href":"https:\/\/100fronteira.com.br\/imbilog\/wp-json\/wp\/v2\/comments?post=588"}],"wp:featuredmedia":[{"embeddable":true,"href":"https:\/\/100fronteira.com.br\/imbilog\/wp-json\/wp\/v2\/media\/642"}],"wp:attachment":[{"href":"https:\/\/100fronteira.com.br\/imbilog\/wp-json\/wp\/v2\/media?parent=588"}],"wp:term":[{"taxonomy":"product_brand","embeddable":true,"href":"https:\/\/100fronteira.com.br\/imbilog\/wp-json\/wp\/v2\/product_brand?post=588"},{"taxonomy":"product_cat","embeddable":true,"href":"https:\/\/100fronteira.com.br\/imbilog\/wp-json\/wp\/v2\/product_cat?post=588"},{"taxonomy":"product_tag","embeddable":true,"href":"https:\/\/100fronteira.com.br\/imbilog\/wp-json\/wp\/v2\/product_tag?post=588"}],"curies":[{"name":"wp","href":"https:\/\/api.w.org\/{rel}","templated":true}]}}