{"id":643,"date":"2022-11-22T18:28:28","date_gmt":"2022-11-22T18:28:28","guid":{"rendered":"https:\/\/100fronteira.com.br\/imbilog\/?post_type=product&#038;p=643"},"modified":"2022-11-22T18:29:01","modified_gmt":"2022-11-22T18:29:01","slug":"jornada-de-motorista-e-ajudante-glok-sistemas","status":"publish","type":"product","link":"https:\/\/100fronteira.com.br\/imbilog\/produto\/jornada-de-motorista-e-ajudante-glok-sistemas\/","title":{"rendered":"Jornada de motorista e ajudante &#8211; Glok Sistemas"},"content":{"rendered":"<div class=\"wp-block-uagb-info-box uagb-infobox__outer-wrap uagb-block-bdde8e4a\">\n<div class=\"uagb-infobox__content-wrap uagb-infobox uagb-infobox-has-image uagb-infobox-icon-below-title uagb-infobox-image-valign-top uagb-infobox-enable-border-radius \">\n<div class=\"uagb-ifb-left-right-wrap\">\n<div class=\"uagb-ifb-content\">\n<div class=\"uagb-ifb-text-wrap\">\n<p class=\"uagb-ifb-desc\">Saber como gerenciar e acompanhar a jornada dos condutores da sua frota \u00e9 fundamental!<br \/>\n\u2800<br \/>\nIntegrado aos hardwares de log\u00edstica, o software de controle da jornada do motorista da Glok, contempla a gera\u00e7\u00e3o de alertas e notifica\u00e7\u00f5es de viola\u00e7\u00f5es dos eventos configurados conforme a Lei 13.103 para cada opera\u00e7\u00e3o. Permite o acompanhamento online por pain\u00e9is que facilitam a tomada de decis\u00f5es.<\/p>\n<\/div>\n<\/div>\n<\/div>\n<\/div>\n<\/div>\n<ul>\n<li>Papeleta mensal: A papeleta pode ser gerada conforme a necessidade do cliente, com per\u00edodos personalizados. Caso tenha uma jornada com corre\u00e7\u00e3o manual, a papeleta aponta os dados alterados, o usu\u00e1rio que alterou e a justificativa da altera\u00e7\u00e3o.<\/li>\n<li>Biometria: Confirma\u00e7\u00e3o e garantia da identifica\u00e7\u00e3o dos condutores e ajudantes, durante o per\u00edodo de trabalho;<\/li>\n<li>Sistema de jornada de trabalho: Acompanhamento online sobre os tempos de jornada trabalhada, horas de espera, refei\u00e7\u00f5es, tempos de descanso, horas extras e Inter jornada<\/li>\n<\/ul>\n","protected":false},"excerpt":{"rendered":"<div class=\"uagb-ifb-title-wrap\">\n<h3 class=\"uagb-ifb-title\"><strong><em>Jornada<\/em><\/strong><\/h3>\n<\/div>\n<div class=\"uagb-ifb-separator-parent\">\n<div class=\"uagb-ifb-separator\"><\/div>\n<\/div>\n<div class=\"uagb-ifb-text-wrap\">\n<p class=\"uagb-ifb-desc\">Saber como gerenciar e acompanhar a jornada dos condutores da sua frota \u00e9 fundamental!<\/p>\n<\/div>\n<p><a href=\"https:\/\/glok.com.br\/jornada\/\">Conhe\u00e7a um pouco mais sobre a solu\u00e7\u00e3o de software para Jornada de Motorista e Ajudante clicando aqui!<\/a><\/p>\n","protected":false},"featured_media":668,"comment_status":"open","ping_status":"closed","template":"","meta":{"_eb_attr":"","_uag_custom_page_level_css":"","site-sidebar-layout":"default","site-content-layout":"default","ast-global-header-display":"","ast-main-header-display":"","ast-hfb-above-header-display":"","ast-hfb-below-header-display":"","ast-hfb-mobile-header-display":"","site-post-title":"","ast-breadcrumbs-content":"","ast-featured-img":"","footer-sml-layout":"","theme-transparent-header-meta":"default","adv-header-id-meta":"","stick-header-meta":"","header-above-stick-meta":"","header-main-stick-meta":"","header-below-stick-meta":""},"product_brand":[],"product_cat":[18],"product_tag":[],"class_list":{"0":"post-643","1":"product","2":"type-product","3":"status-publish","4":"has-post-thumbnail","6":"product_cat-software","8":"first","9":"instock","10":"featured","11":"shipping-taxable","12":"product-type-simple"},"uagb_featured_image_src":{"full":["https:\/\/100fronteira.com.br\/imbilog\/wp-content\/uploads\/2022\/11\/PRODUTOS-GLOK.png",800,800,false],"thumbnail":["https:\/\/100fronteira.com.br\/imbilog\/wp-content\/uploads\/2022\/11\/PRODUTOS-GLOK-150x150.png",150,150,true],"medium":["https:\/\/100fronteira.com.br\/imbilog\/wp-content\/uploads\/2022\/11\/PRODUTOS-GLOK-300x300.png",300,300,true],"medium_large":["https:\/\/100fronteira.com.br\/imbilog\/wp-content\/uploads\/2022\/11\/PRODUTOS-GLOK-768x768.png",768,768,true],"large":["https:\/\/100fronteira.com.br\/imbilog\/wp-content\/uploads\/2022\/11\/PRODUTOS-GLOK.png",800,800,false],"1536x1536":["https:\/\/100fronteira.com.br\/imbilog\/wp-content\/uploads\/2022\/11\/PRODUTOS-GLOK.png",800,800,false],"2048x2048":["https:\/\/100fronteira.com.br\/imbilog\/wp-content\/uploads\/2022\/11\/PRODUTOS-GLOK.png",800,800,false],"woocommerce_thumbnail":["https:\/\/100fronteira.com.br\/imbilog\/wp-content\/uploads\/2022\/11\/PRODUTOS-GLOK-300x300.png",300,300,true],"woocommerce_single":["https:\/\/100fronteira.com.br\/imbilog\/wp-content\/uploads\/2022\/11\/PRODUTOS-GLOK.png",800,800,false],"woocommerce_gallery_thumbnail":["https:\/\/100fronteira.com.br\/imbilog\/wp-content\/uploads\/2022\/11\/PRODUTOS-GLOK-100x100.png",100,100,true]},"uagb_author_info":{"display_name":"admin","author_link":"https:\/\/100fronteira.com.br\/imbilog\/author\/"},"uagb_comment_info":0,"uagb_excerpt":"Jornada Saber como gerenciar e acompanhar a jornada dos condutores da sua frota \u00e9 fundamental! Conhe\u00e7a um pouco mais sobre a solu\u00e7\u00e3o de software para Jornada de Motorista e Ajudante clicando aqui!","jetpack_sharing_enabled":true,"_links":{"self":[{"href":"https:\/\/100fronteira.com.br\/imbilog\/wp-json\/wp\/v2\/product\/643","targetHints":{"allow":["GET"]}}],"collection":[{"href":"https:\/\/100fronteira.com.br\/imbilog\/wp-json\/wp\/v2\/product"}],"about":[{"href":"https:\/\/100fronteira.com.br\/imbilog\/wp-json\/wp\/v2\/types\/product"}],"replies":[{"embeddable":true,"href":"https:\/\/100fronteira.com.br\/imbilog\/wp-json\/wp\/v2\/comments?post=643"}],"wp:featuredmedia":[{"embeddable":true,"href":"https:\/\/100fronteira.com.br\/imbilog\/wp-json\/wp\/v2\/media\/668"}],"wp:attachment":[{"href":"https:\/\/100fronteira.com.br\/imbilog\/wp-json\/wp\/v2\/media?parent=643"}],"wp:term":[{"taxonomy":"product_brand","embeddable":true,"href":"https:\/\/100fronteira.com.br\/imbilog\/wp-json\/wp\/v2\/product_brand?post=643"},{"taxonomy":"product_cat","embeddable":true,"href":"https:\/\/100fronteira.com.br\/imbilog\/wp-json\/wp\/v2\/product_cat?post=643"},{"taxonomy":"product_tag","embeddable":true,"href":"https:\/\/100fronteira.com.br\/imbilog\/wp-json\/wp\/v2\/product_tag?post=643"}],"curies":[{"name":"wp","href":"https:\/\/api.w.org\/{rel}","templated":true}]}}